{"id":5053,"date":"2017-02-20T13:45:11","date_gmt":"2017-02-20T12:45:11","guid":{"rendered":"http:\/\/hormaja.com\/?page_id=5053"},"modified":"2021-11-01T16:18:24","modified_gmt":"2021-11-01T15:18:24","slug":"contactar-hormigones-comunidad-madrid","status":"publish","type":"page","link":"https:\/\/www.hormaja.com\/wordpress\/contactar-hormigones-comunidad-madrid\/","title":{"rendered":"Contactar Hormigones Comunidad Madrid"},"content":{"rendered":"<section class=\"l-section wpb_row height_medium color_primary with_img parallax_ver with_overlay\"><div class=\"l-section-img\" style=\"background-image: url(https:\/\/www.hormaja.com\/wordpress\/wp-content\/uploads\/2015\/04\/cement-406822_1920.jpg);\" data-img-width=\"1920\" data-img-height=\"1280\"><\/div><div class=\"l-section-overlay\" style=\"background-color: rgba(0,0,0,0.6)\"><\/div><div class=\"l-section-h i-cf\"><div class=\"g-cols type_default\"><div class=\"vc_col-sm-12 wpb_column vc_column_container\"><div class=\"vc_column-inner\"><div class=\"wpb_wrapper\"><div class=\"wpb_text_column \"><div class=\"wpb_wrapper\">\n<h1 style=\"text-align: center;\">P\u00d3NGASE EN CONTACTO CON NOSOTROS<\/h1>\n<h6 style=\"text-align: center;\">Simplemente env\u00edenos una nota, o haznos una llamada<\/h6>\n<h6 style=\"text-align: center;\">\u00a1 Estamos listos para empezar !<\/h6>\n<\/div> <\/div> <div class=\"w-iconbox iconpos_top style_default color_light no_title no_text align_center\"><div class=\"w-iconbox-icon\" style=\"font-size:24px;\"><i class=\"fa fa-arrow-down\"><\/i><\/div><\/div><\/div><\/div><\/div><\/div><\/div><\/section><section class=\"l-section wpb_row height_medium\"><div class=\"l-section-h i-cf\"><div class=\"g-cols type_default\"><div class=\"vc_col-sm-6 wpb_column vc_column_container\"><div class=\"vc_column-inner\"><div class=\"wpb_wrapper\"><div class=\"wpb_text_column \"><div class=\"wpb_wrapper\">\n<h3>Informaci\u00f3n Contacto<\/h3>\n<\/div> <\/div> <div class=\"w-contacts\"><div class=\"w-contacts-list\"><div class=\"w-contacts-item for_address\"><span class=\"w-contacts-item-value\">Calle Puerto de los Leones, 1 , 3\u00aaPl \u2013 Oficina 313, 28221 Majadahonda Madrid<\/span><\/div><div class=\"w-contacts-item for_phone\"><span class=\"w-contacts-item-value\">+34 916 38 02 27<\/span><\/div><div class=\"w-contacts-item for_fax\"><span class=\"w-contacts-item-value\">+34 916 38 41 37<\/span><\/div><div class=\"w-contacts-item for_email\"><span class=\"w-contacts-item-value\"><a href=\"mailto:info@hormaja.com\">info@hormaja.com<\/a><\/span><\/div><\/div><\/div><div class=\"w-separator type_invisible size_small thick_1 style_solid color_border cont_none\"><span class=\"w-separator-h\"><\/span><\/div><div class=\"w-map\" id=\"us_map_1\" style=\"height: 400px\"><div class=\"w-map-h\"><\/div><div class=\"w-map-json\" onclick='return {&quot;address&quot;:&quot;Calle Puerto de los Leones, 1,3\\u00baPlanta, Oficina 313, 28221 Majadahonda Madrid&quot;,&quot;markers&quot;:[{&quot;address&quot;:&quot;Calle Puerto de los Leones, 1,3\\u00baPlanta, Oficina 313, 28221 Majadahonda Madrid&quot;,&quot;html&quot;:&quot;&lt;h5&gt;&lt;strong&gt;HORMIGONES MAJADAHONDA, S.A.&lt;\\\/strong&gt;&lt;\\\/h5&gt;\\n&lt;h6&gt;Oficinas Centrales&lt;\\\/h6&gt;\\n&lt;p&gt;calle Puerto de los Leones 1, 3\\u00ba planta, oficina 313&lt;\\\/p&gt;\\n&lt;p&gt;28220 Madrid (Majadahonda)&lt;\\\/p&gt;&quot;,&quot;infowindow&quot;:false}],&quot;zoom&quot;:15,&quot;maptype&quot;:&quot;ROADMAP&quot;,&quot;height&quot;:&quot;400&quot;}'><\/div><\/div><\/div><\/div><\/div><div class=\"vc_col-sm-6 wpb_column vc_column_container\"><div class=\"vc_column-inner\"><div class=\"wpb_wrapper\"><div class=\"wpb_text_column \"><div class=\"wpb_wrapper\">\n<h3>Red Social<\/h3>\n<\/div> <\/div> <div class=\"w-socials align_left style_outlined color_text index_1\" style=\"font-size: 24px;\"><div class=\"w-socials-list\"><div class=\"w-socials-item facebook\">\r\n\t\t\t\t<a class=\"w-socials-item-link\" target=\"_blank\" href=\"#\">\r\n\t\t\t\t\t<span class=\"w-socials-item-link-hover\"><\/span>\r\n\t\t\t\t<\/a>\r\n\t\t\t\t<div class=\"w-socials-item-popup\">\r\n\t\t\t\t\t<span>Facebook<\/span>\r\n\t\t\t\t<\/div>\r\n\t\t\t<\/div><div class=\"w-socials-item twitter\">\r\n\t\t\t\t<a class=\"w-socials-item-link\" target=\"_blank\" href=\"#\">\r\n\t\t\t\t\t<span class=\"w-socials-item-link-hover\"><\/span>\r\n\t\t\t\t<\/a>\r\n\t\t\t\t<div class=\"w-socials-item-popup\">\r\n\t\t\t\t\t<span>Twitter<\/span>\r\n\t\t\t\t<\/div>\r\n\t\t\t<\/div><div class=\"w-socials-item google\">\r\n\t\t\t\t<a class=\"w-socials-item-link\" target=\"_blank\" href=\"#\">\r\n\t\t\t\t\t<span class=\"w-socials-item-link-hover\"><\/span>\r\n\t\t\t\t<\/a>\r\n\t\t\t\t<div class=\"w-socials-item-popup\">\r\n\t\t\t\t\t<span>Google+<\/span>\r\n\t\t\t\t<\/div>\r\n\t\t\t<\/div><div class=\"w-socials-item linkedin\">\r\n\t\t\t\t<a class=\"w-socials-item-link\" target=\"_blank\" href=\"#\">\r\n\t\t\t\t\t<span class=\"w-socials-item-link-hover\"><\/span>\r\n\t\t\t\t<\/a>\r\n\t\t\t\t<div class=\"w-socials-item-popup\">\r\n\t\t\t\t\t<span>LinkedIn<\/span>\r\n\t\t\t\t<\/div>\r\n\t\t\t<\/div><\/div><\/div><div class=\"w-separator type_invisible size_medium thick_1 style_solid color_border cont_none\"><span class=\"w-separator-h\"><\/span><\/div><div class=\"wpb_text_column \"><div class=\"wpb_wrapper\">\n<h3>Env\u00edanos un Mensaje<\/h3>\n<p>Puede ponerse en contacto con nosotros rellenando el siguiente formulario, v\u00eda telef\u00f3nica o enviando un e-mail. Tambi\u00e9n podemos atenderle en nuestra oficina central si as\u00ed lo desea.<\/div> <\/div> <div class=\"w-form for_cform align_left\" id=\"us_form_1\">\r\n\t<form class=\"w-form-h\" autocomplete=\"off\" action=\"https:\/\/www.hormaja.com\/wordpress\/wordpress\/wp-json\/wp\/v2\/pages\/5053\" method=\"post\">\r\n\t\t\t\t\t\t\t<div class=\"w-form-row for_name required\">\r\n\t<div class=\"w-form-row-label\">\r\n\t\t<label for=\"us_form_1_name\"><\/label>\r\n\t<\/div>\r\n\t<div class=\"w-form-row-field\">\r\n\t\t\t\t<input type=\"text\" name=\"name\" id=\"us_form_1_name\" value=\"\"\r\n\t\t\t   placeholder=\"Nombre *\" data-required=\"true\" aria-required=\"true\"\/>\r\n\t\t<span class=\"w-form-row-field-bar\"><\/span>\r\n\t\t\t<\/div>\r\n\t<div class=\"w-form-row-state\"><\/div>\r\n\t<\/div>\r\n\t\t\t\t\t<div class=\"w-form-row for_email required\">\r\n\t<div class=\"w-form-row-label\">\r\n\t\t<label for=\"us_form_1_email\"><\/label>\r\n\t<\/div>\r\n\t<div class=\"w-form-row-field\">\r\n\t\t\t\t<input type=\"email\" name=\"email\" id=\"us_form_1_email\" value=\"\"\r\n\t\t\t   placeholder=\"Correo electr\u00f3nico *\" data-required=\"true\" aria-required=\"true\"\/>\r\n\t\t<span class=\"w-form-row-field-bar\"><\/span>\r\n\t\t\t<\/div>\r\n\t<div class=\"w-form-row-state\"><\/div>\r\n\t<\/div>\r\n\t\t\t\t\t<div class=\"w-form-row for_phone required\">\r\n\t<div class=\"w-form-row-label\">\r\n\t\t<label for=\"us_form_1_phone\"><\/label>\r\n\t<\/div>\r\n\t<div class=\"w-form-row-field\">\r\n\t\t\t\t<input type=\"text\" name=\"phone\" id=\"us_form_1_phone\" value=\"\"\r\n\t\t\t   placeholder=\"N\u00famero de tel\u00e9fono *\" data-required=\"true\" aria-required=\"true\"\/>\r\n\t\t<span class=\"w-form-row-field-bar\"><\/span>\r\n\t\t\t<\/div>\r\n\t<div class=\"w-form-row-state\"><\/div>\r\n\t<\/div>\r\n\t\t\t\t\t<div class=\"w-form-row for_message required\">\r\n\t<div class=\"w-form-row-label\">\r\n\t\t<label for=\"us_form_1_message\"><\/label>\r\n\t<\/div>\r\n\t<div class=\"w-form-row-field\">\r\n\t\t\t\t<textarea name=\"message\" id=\"us_form_1_message\" cols=\"30\" rows=\"10\" placeholder=\"Mensaje *\"\r\n\t\t\t data-required=\"true\" aria-required=\"true\"><\/textarea>\r\n\t\t<span class=\"w-form-row-field-bar\"><\/span>\r\n\t\t\t<\/div>\r\n\t<div class=\"w-form-row-state\"><\/div>\r\n\t<\/div>\r\n\t\t\t\t\t<div class=\"w-form-row for_captcha required\">\r\n\t<div class=\"w-form-row-label\">\r\n\t\t<label for=\"us_form_1_captcha\">Si eres humano resuelve la operaci\u00f3n: <span>28 - 10 = ?<\/span><\/label>\r\n\t<\/div>\r\n\t<div class=\"w-form-row-field\">\r\n\t\t\t\t<input type=\"hidden\" name=\"captcha_hash\" value=\"3270b7a82503d5b0ccbf154c8acf9136\" \/>\r\n\t\t<input type=\"text\" name=\"captcha\" id=\"us_form_1_captcha\" value=\"\"\r\n\t\t\t   data-required=\"1\" placeholder=\"\" aria-required=\"true\" \/>\r\n\t\t<span class=\"w-form-row-field-bar\"><\/span>\r\n\t\t\t<\/div>\r\n\t<div class=\"w-form-row-state\"><\/div>\r\n\t<\/div>\r\n\t\t\t\t\t<input type=\"hidden\" name=\"action\" value=\"us_ajax_cform\" \/>\r\n\t\t\t\t\t<input type=\"hidden\" name=\"post_id\" value=\"5053\" \/>\r\n\t\t\t\t\t<input type=\"hidden\" name=\"form_index\" value=\"1\" \/>\r\n\t\t\t\t\t<div class=\"w-form-row for_submit\">\r\n\t<div class=\"w-form-row-field\">\r\n\t\t<button class=\"w-btn size_15px color_primary style_solid\" type=\"submit\">\r\n\t\t\t<span class=\"g-preloader type_1\"><\/span><span class=\"w-btn-label\">Enviar mensaje<\/span><\/button>\r\n\t<\/div>\r\n<\/div>\r\n\t\t\t\t<div class=\"w-form-message\"><\/div>\r\n\t\t\t<\/form>\r\n\t\t\t<div class=\"w-form-json hidden\" onclick='return {&quot;ajaxurl&quot;:&quot;https:\\\/\\\/www.hormaja.com\\\/wordpress\\\/wp-admin\\\/admin-ajax.php&quot;,&quot;success&quot;:&quot;\\u00a1Gracias! Tu mensaje ha sido enviado correctamente.&quot;,&quot;errors&quot;:{&quot;name&quot;:&quot;Por favor, introduce tu nombre&quot;,&quot;email&quot;:&quot;Por favor, introduce tu direcci\\u00f3n de correo electr\\u00f3nico&quot;,&quot;phone&quot;:&quot;Por favor, introduce tu n\\u00famero de tel\\u00e9fono&quot;,&quot;message&quot;:&quot;Por favor, introduce un mensaje&quot;,&quot;captcha&quot;:&quot;Por favor, introduce el resultado de la operaci\\u00f3n&quot;}}'><\/div>\r\n\t<\/div>\r\n[vc_raw_html]JTNDYnIlM0UlMEElM0NpbnB1dCUyMHR5cGUlM0QlMjJjaGVja2JveCUyMiUyMGlkJTNEJTIyYWN0aXZhciUyMiUyMG9uY2xpY2slM0QlMjJjb21wcm9iYXJQb2xpdGljYSUyOCUyOSUzQiUyMiUyRiUzRSUwQSUwQSUzQ2xhYmVsJTIwZm9yJTNEJTIyYWN0aXZhciUyMiUzRUFsJTIwZW52aWFyJTIwZXN0ZSUyMGZvcm11bGFyaW8lMjBkb3klMjBtaSUyMGNvbnNlbnRpbWllbnRvJTIwcGFyYSUyMGVsJTIwdHJhdGFtaWVudG8lMjBkZSUyMG1pcyUyMGRhdG9zJTIwcGVyc29uYWxlcyUyMHBvciUyMHBhcnRlJTIwZGUlMjBIT1JNSUdPTkVTJTIwTUFKQURBSE9OREElMjBJSSUyMFMuQSUyMGRlJTIwYWN1ZXJkbyUyMGNvbiUyMGxhJTIwJTNDYSUyMGhyZWYlM0QlMjJodHRwJTNBJTJGJTJGaG9ybWFqYS5jb20lMkZwb2xpdGljYS1kZS1wcml2YWNpZGFkJTJGJTIyJTIwdGFyZ2V0JTNEJTIyX2JsYW5rJTIyJTNFUG9sJUMzJUFEdGljYSUyMGRlJTIwUHJpdmFjaWRhZC4lM0MlMkZhJTNFJTNDJTJGbGFiZWwlM0UlMEElMEElM0NzY3JpcHQlM0UlMEElMEFmdW5jdGlvbiUyMGNvbXByb2JhclBvbGl0aWNhJTI4JTI5JTdCJTBBJTIwaWYlMjhkb2N1bWVudC5nZXRFbGVtZW50QnlJZCUyOCUyMmFjdGl2YXIlMjIlMjkuY2hlY2tlZCUyOSU3QiUwQSUyMCUyMGRvY3VtZW50LmdldEVsZW1lbnRzQnlDbGFzc05hbWUlMjglMjJ3LWJ0biUyMHNpemVfMTVweCUyMGNvbG9yX3ByaW1hcnklMjBzdHlsZV9zb2xpZCUyMiUyOSU1QjAlNUQuZGlzYWJsZWQlM0RmYWxzZSUzQiUwQSUyMCU3RCUyMGVsc2UlMjAlN0IlMEElMjBkb2N1bWVudC5nZXRFbGVtZW50c0J5Q2xhc3NOYW1lJTI4JTIydy1idG4lMjBzaXplXzE1cHglMjBjb2xvcl9wcmltYXJ5JTIwc3R5bGVfc29saWQlMjIlMjklNUIwJTVELmRpc2FibGVkJTNEdHJ1ZSUzQiUwQSUyMCU3RCUwQSU3RCUwQSUwQWNvbXByb2JhclBvbGl0aWNhJTI4JTI5JTNCJTBBJTBBJTNDJTJGc2NyaXB0JTNF[\/vc_raw_html]<\/div><\/div><\/div><\/div><\/div><\/section>\n","protected":false},"excerpt":{"rendered":"P\u00d3NGASE EN CONTACTO CON NOSOTROS Simplemente env\u00edenos una nota, o haznos una llamada \u00a1 Estamos listos para empezar ! Informaci\u00f3n Contacto Calle Puerto de los Leones, 1 , 3\u00aaPl \u2013 Oficina 313, 28221 Majadahonda Madrid+34 916 38 02 27+34 916...","protected":false},"author":3,"featured_media":0,"parent":0,"menu_order":0,"comment_status":"closed","ping_status":"closed","template":"","meta":{"footnotes":""},"class_list":["post-5053","page","type-page","status-publish","hentry"],"yoast_head":"<!-- This site is optimized with the Yoast SEO plugin v23.4 - https:\/\/yoast.com\/wordpress\/plugins\/seo\/ -->\n<title>Contactar Hormigones Comunidad Madrid - hormaja.com<\/title>\n<meta name=\"description\" content=\"Contacta con Hormigones Majadahonda. Departamento comercial y venta de productos industriales I+D hormigones y morteros para construcciones, obras en Madrid\" \/>\n<meta name=\"robots\" content=\"index, follow, max-snippet:-1, max-image-preview:large, max-video-preview:-1\" \/>\n<link rel=\"canonical\" href=\"https:\/\/www.hormaja.com\/wordpress\/contactar-hormigones-comunidad-madrid\/\" \/>\n<meta property=\"og:locale\" content=\"es_ES\" \/>\n<meta property=\"og:type\" content=\"article\" \/>\n<meta property=\"og:title\" content=\"Contactar Hormigones Comunidad Madrid - hormaja.com\" \/>\n<meta property=\"og:description\" content=\"Contacta con Hormigones Majadahonda. Departamento comercial y venta de productos industriales I+D hormigones y morteros para construcciones, obras en Madrid\" \/>\n<meta property=\"og:url\" content=\"https:\/\/www.hormaja.com\/wordpress\/contactar-hormigones-comunidad-madrid\/\" \/>\n<meta property=\"og:site_name\" content=\"hormaja.com\" \/>\n<meta property=\"article:modified_time\" content=\"2021-11-01T15:18:24+00:00\" \/>\n<meta name=\"twitter:card\" content=\"summary_large_image\" \/>\n<meta name=\"twitter:label1\" content=\"Tiempo de lectura\" \/>\n\t<meta name=\"twitter:data1\" content=\"2 minutos\" \/>\n<script type=\"application\/ld+json\" class=\"yoast-schema-graph\">{\"@context\":\"https:\/\/schema.org\",\"@graph\":[{\"@type\":\"WebPage\",\"@id\":\"https:\/\/www.hormaja.com\/wordpress\/contactar-hormigones-comunidad-madrid\/\",\"url\":\"https:\/\/www.hormaja.com\/wordpress\/contactar-hormigones-comunidad-madrid\/\",\"name\":\"Contactar Hormigones Comunidad Madrid - hormaja.com\",\"isPartOf\":{\"@id\":\"https:\/\/www.hormaja.com\/wordpress\/#website\"},\"datePublished\":\"2017-02-20T12:45:11+00:00\",\"dateModified\":\"2021-11-01T15:18:24+00:00\",\"description\":\"Contacta con Hormigones Majadahonda. Departamento comercial y venta de productos industriales I+D hormigones y morteros para construcciones, obras en Madrid\",\"breadcrumb\":{\"@id\":\"https:\/\/www.hormaja.com\/wordpress\/contactar-hormigones-comunidad-madrid\/#breadcrumb\"},\"inLanguage\":\"es\",\"potentialAction\":[{\"@type\":\"ReadAction\",\"target\":[\"https:\/\/www.hormaja.com\/wordpress\/contactar-hormigones-comunidad-madrid\/\"]}]},{\"@type\":\"BreadcrumbList\",\"@id\":\"https:\/\/www.hormaja.com\/wordpress\/contactar-hormigones-comunidad-madrid\/#breadcrumb\",\"itemListElement\":[{\"@type\":\"ListItem\",\"position\":1,\"name\":\"Portada\",\"item\":\"https:\/\/www.hormaja.com\/wordpress\/\"},{\"@type\":\"ListItem\",\"position\":2,\"name\":\"Contactar Hormigones Comunidad Madrid\"}]},{\"@type\":\"WebSite\",\"@id\":\"https:\/\/www.hormaja.com\/wordpress\/#website\",\"url\":\"https:\/\/www.hormaja.com\/wordpress\/\",\"name\":\"hormaja.com\",\"description\":\"Hormigones y Cementos\",\"publisher\":{\"@id\":\"https:\/\/www.hormaja.com\/wordpress\/#organization\"},\"potentialAction\":[{\"@type\":\"SearchAction\",\"target\":{\"@type\":\"EntryPoint\",\"urlTemplate\":\"https:\/\/www.hormaja.com\/wordpress\/?s={search_term_string}\"},\"query-input\":{\"@type\":\"PropertyValueSpecification\",\"valueRequired\":true,\"valueName\":\"search_term_string\"}}],\"inLanguage\":\"es\"},{\"@type\":\"Organization\",\"@id\":\"https:\/\/www.hormaja.com\/wordpress\/#organization\",\"name\":\"Hormigones Majadahonda S.A.\",\"url\":\"https:\/\/www.hormaja.com\/wordpress\/\",\"logo\":{\"@type\":\"ImageObject\",\"inLanguage\":\"es\",\"@id\":\"https:\/\/www.hormaja.com\/wordpress\/#\/schema\/logo\/image\/\",\"url\":\"http:\/\/hormaja.com\/wordpress\/wp-content\/uploads\/2017\/09\/Logo-Hormaja-800v4.png\",\"contentUrl\":\"http:\/\/hormaja.com\/wordpress\/wp-content\/uploads\/2017\/09\/Logo-Hormaja-800v4.png\",\"width\":320,\"height\":173,\"caption\":\"Hormigones Majadahonda S.A.\"},\"image\":{\"@id\":\"https:\/\/www.hormaja.com\/wordpress\/#\/schema\/logo\/image\/\"}}]}<\/script>\n<!-- \/ Yoast SEO plugin. -->","yoast_head_json":{"title":"Contactar Hormigones Comunidad Madrid - hormaja.com","description":"Contacta con Hormigones Majadahonda. Departamento comercial y venta de productos industriales I+D hormigones y morteros para construcciones, obras en Madrid","robots":{"index":"index","follow":"follow","max-snippet":"max-snippet:-1","max-image-preview":"max-image-preview:large","max-video-preview":"max-video-preview:-1"},"canonical":"https:\/\/www.hormaja.com\/wordpress\/contactar-hormigones-comunidad-madrid\/","og_locale":"es_ES","og_type":"article","og_title":"Contactar Hormigones Comunidad Madrid - hormaja.com","og_description":"Contacta con Hormigones Majadahonda. Departamento comercial y venta de productos industriales I+D hormigones y morteros para construcciones, obras en Madrid","og_url":"https:\/\/www.hormaja.com\/wordpress\/contactar-hormigones-comunidad-madrid\/","og_site_name":"hormaja.com","article_modified_time":"2021-11-01T15:18:24+00:00","twitter_card":"summary_large_image","twitter_misc":{"Tiempo de lectura":"2 minutos"},"schema":{"@context":"https:\/\/schema.org","@graph":[{"@type":"WebPage","@id":"https:\/\/www.hormaja.com\/wordpress\/contactar-hormigones-comunidad-madrid\/","url":"https:\/\/www.hormaja.com\/wordpress\/contactar-hormigones-comunidad-madrid\/","name":"Contactar Hormigones Comunidad Madrid - hormaja.com","isPartOf":{"@id":"https:\/\/www.hormaja.com\/wordpress\/#website"},"datePublished":"2017-02-20T12:45:11+00:00","dateModified":"2021-11-01T15:18:24+00:00","description":"Contacta con Hormigones Majadahonda. Departamento comercial y venta de productos industriales I+D hormigones y morteros para construcciones, obras en Madrid","breadcrumb":{"@id":"https:\/\/www.hormaja.com\/wordpress\/contactar-hormigones-comunidad-madrid\/#breadcrumb"},"inLanguage":"es","potentialAction":[{"@type":"ReadAction","target":["https:\/\/www.hormaja.com\/wordpress\/contactar-hormigones-comunidad-madrid\/"]}]},{"@type":"BreadcrumbList","@id":"https:\/\/www.hormaja.com\/wordpress\/contactar-hormigones-comunidad-madrid\/#breadcrumb","itemListElement":[{"@type":"ListItem","position":1,"name":"Portada","item":"https:\/\/www.hormaja.com\/wordpress\/"},{"@type":"ListItem","position":2,"name":"Contactar Hormigones Comunidad Madrid"}]},{"@type":"WebSite","@id":"https:\/\/www.hormaja.com\/wordpress\/#website","url":"https:\/\/www.hormaja.com\/wordpress\/","name":"hormaja.com","description":"Hormigones y Cementos","publisher":{"@id":"https:\/\/www.hormaja.com\/wordpress\/#organization"},"potentialAction":[{"@type":"SearchAction","target":{"@type":"EntryPoint","urlTemplate":"https:\/\/www.hormaja.com\/wordpress\/?s={search_term_string}"},"query-input":{"@type":"PropertyValueSpecification","valueRequired":true,"valueName":"search_term_string"}}],"inLanguage":"es"},{"@type":"Organization","@id":"https:\/\/www.hormaja.com\/wordpress\/#organization","name":"Hormigones Majadahonda S.A.","url":"https:\/\/www.hormaja.com\/wordpress\/","logo":{"@type":"ImageObject","inLanguage":"es","@id":"https:\/\/www.hormaja.com\/wordpress\/#\/schema\/logo\/image\/","url":"http:\/\/hormaja.com\/wordpress\/wp-content\/uploads\/2017\/09\/Logo-Hormaja-800v4.png","contentUrl":"http:\/\/hormaja.com\/wordpress\/wp-content\/uploads\/2017\/09\/Logo-Hormaja-800v4.png","width":320,"height":173,"caption":"Hormigones Majadahonda S.A."},"image":{"@id":"https:\/\/www.hormaja.com\/wordpress\/#\/schema\/logo\/image\/"}}]}},"_links":{"self":[{"href":"https:\/\/www.hormaja.com\/wordpress\/wp-json\/wp\/v2\/pages\/5053"}],"collection":[{"href":"https:\/\/www.hormaja.com\/wordpress\/wp-json\/wp\/v2\/pages"}],"about":[{"href":"https:\/\/www.hormaja.com\/wordpress\/wp-json\/wp\/v2\/types\/page"}],"author":[{"embeddable":true,"href":"https:\/\/www.hormaja.com\/wordpress\/wp-json\/wp\/v2\/users\/3"}],"replies":[{"embeddable":true,"href":"https:\/\/www.hormaja.com\/wordpress\/wp-json\/wp\/v2\/comments?post=5053"}],"version-history":[{"count":42,"href":"https:\/\/www.hormaja.com\/wordpress\/wp-json\/wp\/v2\/pages\/5053\/revisions"}],"predecessor-version":[{"id":5627,"href":"https:\/\/www.hormaja.com\/wordpress\/wp-json\/wp\/v2\/pages\/5053\/revisions\/5627"}],"wp:attachment":[{"href":"https:\/\/www.hormaja.com\/wordpress\/wp-json\/wp\/v2\/media?parent=5053"}],"curies":[{"name":"wp","href":"https:\/\/api.w.org\/{rel}","templated":true}]}}