{"id":5077,"date":"2017-03-04T09:56:41","date_gmt":"2017-03-04T08:56:41","guid":{"rendered":"http:\/\/hormaja.com\/?page_id=5077"},"modified":"2021-11-01T16:11:45","modified_gmt":"2021-11-01T15:11:45","slug":"plantas-de-hormigon-y-mortero","status":"publish","type":"page","link":"https:\/\/www.hormaja.com\/wordpress\/plantas-de-hormigon-y-mortero\/","title":{"rendered":"plantas de hormigon y mortero"},"content":{"rendered":"<section class=\"l-section wpb_row height_medium\" id=\"oficinaprincipal\"><div class=\"l-section-h i-cf\"><div class=\"g-cols type_default\"><div class=\"vc_col-sm-12 wpb_column vc_column_container\"><div class=\"vc_column-inner\"><div class=\"wpb_wrapper\">[vc_custom_heading text=&#8221;Oficina Central&#8221; font_container=&#8221;tag:h2|font_size:24|text_align:center&#8221; google_fonts=&#8221;font_family:Lato%3A100%2C100italic%2C300%2C300italic%2Cregular%2Citalic%2C700%2C700italic%2C900%2C900italic|font_style:700%20bold%20italic%3A700%3Aitalic&#8221;]<div class=\"g-cols wpb_row type_default vc_inner \"><div class=\"vc_col-sm-6 wpb_column vc_column_container\"><div class=\"vc_column-inner\"><div class=\"wpb_wrapper\"><div class=\"wpb_text_column \"><div class=\"wpb_wrapper\"><div class=\"cl-ib animation_nike ratio_3x2 align_center with_title with_desc cl_custom_css_1\" style=\"width:100%;background-color:#444444;color:#ffffff;\"><div class=\"cl-ib-h easing_ease\"><div class=\"cl-ib-image\" style=\"background-image: url(https:\/\/www.hormaja.com\/wordpress\/wp-content\/uploads\/2015\/05\/bridge-918574_1920-350x350.jpg)\"><img loading=\"lazy\" decoding=\"async\" src=\"https:\/\/www.hormaja.com\/wordpress\/wp-content\/uploads\/2015\/05\/bridge-918574_1920-350x350.jpg\" width=\"350\" height=\"350\"  alt=\"Hormigones Majadahonda. Sede Central Comunidad Madrid\" \/><\/div><div class=\"cl-ib-content\" style=\"padding:10%;\"><div class=\"cl-ib-content-h\"><h4 class=\"cl-ib-title\" style=\"font-size:30px;\">Oficina Central<\/h4><div class=\"cl-ib-desc\">Calle Puerto de los Leones, 1 , 3\u00aaPl \u2013 Oficina 313<br \/>\n28220 Majadahonda Madrid<br \/>\nTel\u00e9fono: 916380227 Fax: 91634137<\/div><\/div><\/div><\/div><\/div><style type=\"text\/css\">@media only screen and (max-width: 599px) {.cl_custom_css_1 .cl-ib-title { font-size:24px !important; }}<\/style>\n<p><u>Env\u00edo de correspondencia<\/u>: Apdo de Correos n\u00ba 66. 28220 Majadahonda (Madrid)<\/p><\/div> <\/div> <\/div><\/div><\/div><div class=\"vc_col-sm-6 wpb_column vc_column_container\"><div class=\"vc_column-inner\"><div class=\"wpb_wrapper\"><div class=\"w-map\" id=\"us_map_1\" style=\"height: 400px\"><div class=\"w-map-h\"><\/div><div class=\"w-map-json\" onclick='return {&quot;address&quot;:&quot;C\\\/ Puerto de los Leones, 1 28220 Majadahonda&quot;,&quot;markers&quot;:[{&quot;address&quot;:&quot;C\\\/ Puerto de los Leones, 1 28220 Majadahonda&quot;,&quot;html&quot;:&quot;&lt;h4&gt;Oficinas Centrales&lt;\\\/h4&gt;\\n&lt;p&gt;Calle Puerto de los Leones, 1 , 3\\u00aaPl \\u2013 Oficina 313&lt;\\\/p&gt;\\n&lt;p&gt;28220 Majadahonda Madrid&lt;\\\/p&gt;\\n&lt;p&gt;Telf: 916380227 Fax: 91634137&lt;\\\/p&gt;&quot;,&quot;infowindow&quot;:false}],&quot;zoom&quot;:16,&quot;maptype&quot;:&quot;ROADMAP&quot;,&quot;height&quot;:&quot;400&quot;}'><\/div><\/div><\/div><\/div><\/div><\/div><\/div><\/div><\/div><\/div><\/div><\/section><section class=\"l-section wpb_row height_medium color_alternate\" id=\"PLANTAMAJADAHONDA\"><div class=\"l-section-h i-cf\"><div class=\"g-cols type_default\"><div class=\"vc_col-sm-12 wpb_column vc_column_container\"><div class=\"vc_column-inner\"><div class=\"wpb_wrapper\">[vc_custom_heading text=&#8221;Planta Majadahonda&#8221; font_container=&#8221;tag:h2|font_size:24|text_align:center&#8221; google_fonts=&#8221;font_family:Lato%3A100%2C100italic%2C300%2C300italic%2Cregular%2Citalic%2C700%2C700italic%2C900%2C900italic|font_style:700%20bold%20italic%3A700%3Aitalic&#8221;]<div class=\"g-cols wpb_row type_default vc_inner \"><div class=\"vc_col-sm-6 wpb_column vc_column_container\"><div class=\"vc_column-inner\"><div class=\"wpb_wrapper\"><div class=\"wpb_text_column \"><div class=\"wpb_wrapper\"><div class=\"cl-ib animation_soter ratio_3x2 align_center with_title with_desc cl_custom_css_2\" style=\"width:100%;background-color:#444444;color:#ffffff;\"><div class=\"cl-ib-h easing_ease\"><div class=\"cl-ib-image\" style=\"background-image: url(https:\/\/www.hormaja.com\/wordpress\/wp-content\/uploads\/2017\/03\/MAJADAHONDA-e1488741413234-768x1024.jpg)\"><img loading=\"lazy\" decoding=\"async\" src=\"https:\/\/www.hormaja.com\/wordpress\/wp-content\/uploads\/2017\/03\/MAJADAHONDA-e1488741413234-768x1024.jpg\" width=\"768\" height=\"1024\"  alt=\"Planta hormig\u00f3n San Fernando. Hormigoneras Comunidad de Madrid\" \/><\/div><div class=\"cl-ib-content\" style=\"padding:10%;\"><div class=\"cl-ib-content-h\"><h4 class=\"cl-ib-title\" style=\"font-size:30px;\">Planta Majadahonda<\/h4><div class=\"cl-ib-desc\">Ctra. Majadahonda \u2013 Villanueva del Pardillo M-509, Km. 1,3<br \/>\n28220 Majadahonda Madrid<br \/>\nTelf:917650925 -650602007<\/div><\/div><\/div><\/div><\/div><style type=\"text\/css\">@media only screen and (max-width: 599px) {.cl_custom_css_2 .cl-ib-title { font-size:24px !important; }}<\/style><\/div> <\/div> <\/div><\/div><\/div><div class=\"vc_col-sm-6 wpb_column vc_column_container\"><div class=\"vc_column-inner\"><div class=\"wpb_wrapper\"><div class=\"w-map\" id=\"us_map_2\" style=\"height: 400px\"><div class=\"w-map-h\"><\/div><div class=\"w-map-json\" onclick='return {&quot;latitude&quot;:&quot;40.478138&quot;,&quot;longitude&quot;:&quot;-3.894493&quot;,&quot;markers&quot;:[{&quot;latitude&quot;:&quot;40.478138&quot;,&quot;longitude&quot;:&quot;-3.894493&quot;,&quot;html&quot;:&quot;&lt;h4&gt;Planta Majadahonda&lt;\\\/h4&gt;\\n&lt;p&gt;Ctra. Majadahonda - Villanueva del Pardillo M-509, Km. 1,3&lt;\\\/p&gt;\\n&lt;p&gt;28220 Majadahonda Madrid&lt;\\\/p&gt;\\n&lt;p&gt;Telf: 917650925 - 650602007&lt;\\\/p&gt;&quot;,&quot;infowindow&quot;:false}],&quot;zoom&quot;:16,&quot;maptype&quot;:&quot;ROADMAP&quot;,&quot;height&quot;:&quot;400&quot;}'><\/div><\/div><\/div><\/div><\/div><\/div><\/div><\/div><\/div><\/div><\/div><\/section><section class=\"l-section wpb_row height_medium\" id=\"PLANTAALCOBENDAS\"><div class=\"l-section-h i-cf\"><div class=\"g-cols type_default valign_middle\"><div class=\"vc_col-sm-12 wpb_column vc_column_container\"><div class=\"vc_column-inner\"><div class=\"wpb_wrapper\">[vc_custom_heading text=&#8221;Planta Alcobendas&#8221; font_container=&#8221;tag:h2|font_size:24|text_align:center&#8221; google_fonts=&#8221;font_family:Lato%3A100%2C100italic%2C300%2C300italic%2Cregular%2Citalic%2C700%2C700italic%2C900%2C900italic|font_style:700%20bold%20italic%3A700%3Aitalic&#8221;]<div class=\"g-cols wpb_row type_default vc_inner \"><div class=\"vc_col-sm-6 wpb_column vc_column_container\"><div class=\"vc_column-inner\"><div class=\"wpb_wrapper\"><div class=\"wpb_text_column \"><div class=\"wpb_wrapper\"><div class=\"cl-ib animation_soter ratio_3x2 align_center with_title with_desc cl_custom_css_3\" style=\"width:100%;background-color:#444444;color:#ffffff;\"><div class=\"cl-ib-h easing_ease\"><div class=\"cl-ib-image\" style=\"background-image: url(https:\/\/www.hormaja.com\/wordpress\/wp-content\/uploads\/2017\/03\/ALCOBENDAS2-e1488737773172-768x1024.jpg)\"><img loading=\"lazy\" decoding=\"async\" src=\"https:\/\/www.hormaja.com\/wordpress\/wp-content\/uploads\/2017\/03\/ALCOBENDAS2-e1488737773172-768x1024.jpg\" width=\"768\" height=\"1024\"  alt=\"Fabrica de hormig\u00f3n y mortero en Alcobendas Madrid\" \/><\/div><div class=\"cl-ib-content\" style=\"padding:10%;\"><div class=\"cl-ib-content-h\"><h4 class=\"cl-ib-title\" style=\"font-size:30px;\">Planta de Alcobendas<\/h4><div class=\"cl-ib-desc\">C\/ Reyes Cat\u00f3licos, 1<br \/>\n28108 Alcobendas Madrid<br \/>\nTelf: 914840328 - 619668563<\/div><\/div><\/div><\/div><\/div><style type=\"text\/css\">@media only screen and (max-width: 599px) {.cl_custom_css_3 .cl-ib-title { font-size:24px !important; }}<\/style><\/div> <\/div> <\/div><\/div><\/div><div class=\"vc_col-sm-6 wpb_column vc_column_container\"><div class=\"vc_column-inner\"><div class=\"wpb_wrapper\"><div class=\"w-map\" id=\"us_map_3\" style=\"height: 400px\"><div class=\"w-map-h\"><\/div><div class=\"w-map-json\" onclick='return {&quot;address&quot;:&quot;Calle Reyes Cat\\u00f3licos, 1 28108 Alcobendas Madrid&quot;,&quot;markers&quot;:[{&quot;address&quot;:&quot;Calle Reyes Cat\\u00f3licos, 1 28108 Alcobendas Madrid&quot;,&quot;html&quot;:&quot;&lt;h4&gt;Planta de Alcobendas&lt;\\\/h4&gt;\\n&lt;p&gt;C\\\/ Reyes Cat\\u00f3licos, 1&lt;\\\/p&gt;\\n&lt;p&gt;28108 Alcobendas Madrid&lt;\\\/p&gt;\\n&lt;p&gt;Telf: 914840328 - 619668563&lt;\\\/p&gt;&quot;,&quot;infowindow&quot;:false}],&quot;zoom&quot;:16,&quot;maptype&quot;:&quot;ROADMAP&quot;,&quot;height&quot;:&quot;400&quot;}'><\/div><\/div><\/div><\/div><\/div><\/div><\/div><\/div><\/div><\/div><\/div><\/section><section class=\"l-section wpb_row height_medium\" id=\"PLANTAVICALVARO\"><div class=\"l-section-h i-cf\"><div class=\"g-cols type_default\"><div class=\"vc_col-sm-12 wpb_column vc_column_container\"><div class=\"vc_column-inner\"><div class=\"wpb_wrapper\">[vc_custom_heading text=&#8221;Planta Vic\u00e1lvaro&#8221; font_container=&#8221;tag:h2|font_size:24|text_align:center&#8221; google_fonts=&#8221;font_family:Lato%3A100%2C100italic%2C300%2C300italic%2Cregular%2Citalic%2C700%2C700italic%2C900%2C900italic|font_style:700%20bold%20italic%3A700%3Aitalic&#8221;]<div class=\"g-cols wpb_row type_default vc_inner \"><div class=\"vc_col-sm-6 wpb_column vc_column_container\"><div class=\"vc_column-inner\"><div class=\"wpb_wrapper\"><div class=\"wpb_text_column \"><div class=\"wpb_wrapper\"><div class=\"cl-ib animation_soter ratio_3x2 align_center with_title with_desc cl_custom_css_4\" style=\"width:100%;background-color:#444444;color:#ffffff;\"><div class=\"cl-ib-h easing_ease\"><div class=\"cl-ib-image\" style=\"background-image: url(https:\/\/www.hormaja.com\/wordpress\/wp-content\/uploads\/2017\/03\/VICALVARO_1-768x1024.jpg)\"><img loading=\"lazy\" decoding=\"async\" src=\"https:\/\/www.hormaja.com\/wordpress\/wp-content\/uploads\/2017\/03\/VICALVARO_1-768x1024.jpg\" width=\"768\" height=\"1024\"  alt=\"Planta hormig\u00f3n Vicalvaro. Hormigoneras Comunidad de Madrid\" \/><\/div><div class=\"cl-ib-content\" style=\"padding:10%;\"><div class=\"cl-ib-content-h\"><h4 class=\"cl-ib-title\" style=\"font-size:30px;\">Planta de Vic\u00e1lvaro<\/h4><div class=\"cl-ib-desc\">Pol\u00edgono Industrial Vic\u00e1lvaro, C\/ Mir, s\/n<br \/>\n28052 Madrid<br \/>\nTelf: 917769393 - 607162757<\/div><\/div><\/div><\/div><\/div><style type=\"text\/css\">@media only screen and (max-width: 599px) {.cl_custom_css_4 .cl-ib-title { font-size:24px !important; }}<\/style><\/div> <\/div> <\/div><\/div><\/div><div class=\"vc_col-sm-6 wpb_column vc_column_container\"><div class=\"vc_column-inner\"><div class=\"wpb_wrapper\"><div class=\"w-map\" id=\"us_map_4\" style=\"height: 400px\"><div class=\"w-map-h\"><\/div><div class=\"w-map-json\" onclick='return {&quot;address&quot;:&quot;calle rivas, s\\\/n 28052 Madrid&quot;,&quot;markers&quot;:[{&quot;address&quot;:&quot;calle rivas, s\\\/n 28052 Madrid&quot;,&quot;html&quot;:&quot;&lt;h4&gt;Planta de Vic\\u00e1lvaro&lt;\\\/h4&gt;\\n&lt;p&gt;Pol\\u00edgono Industrial Vic\\u00e1lvaro, C\\\/ Mir, s\\\/n&lt;\\\/p&gt;\\n&lt;p&gt;28052 Madrid&lt;\\\/p&gt;\\n&lt;p&gt;Telf: 917769393 - 607162757&lt;\\\/p&gt;\\n &quot;,&quot;infowindow&quot;:false}],&quot;zoom&quot;:16,&quot;maptype&quot;:&quot;ROADMAP&quot;,&quot;height&quot;:&quot;400&quot;}'><\/div><\/div><\/div><\/div><\/div><\/div><\/div><\/div><\/div><\/div><\/div><\/section>\n","protected":false},"excerpt":{"rendered":"[vc_custom_heading text=\"Oficina Central\" font_container=\"tag:h2|font_size:24|text_align:center\" google_fonts=\"font_family:Lato%3A100%2C100italic%2C300%2C300italic%2Cregular%2Citalic%2C700%2C700italic%2C900%2C900italic|font_style:700%20bold%20italic%3A700%3Aitalic\"]Oficina CentralCalle Puerto de los Leones, 1 , 3\u00aaPl \u2013 Oficina 313 28220 Majadahonda Madrid Tel\u00e9fono: 916380227 Fax: 91634137@media only screen and (max-width: 599px) {.cl_custom_css_5 .cl-ib-title { font-size:24px !important; }} Env\u00edo de correspondencia: Apdo de Correos...","protected":false},"author":3,"featured_media":0,"parent":0,"menu_order":0,"comment_status":"closed","ping_status":"closed","template":"","meta":{"footnotes":""},"class_list":["post-5077","page","type-page","status-publish","hentry"],"yoast_head":"<!-- This site is optimized with the Yoast SEO plugin v23.4 - https:\/\/yoast.com\/wordpress\/plugins\/seo\/ -->\n<title>Plantas de hormig\u00f3n y mortero en Madrid. Fabrica de mortero y hormig\u00f3n<\/title>\n<meta name=\"description\" content=\"Plantas de hormig\u00f3n y mortero con cobertura en la Comunidad de Madrid. Centros de fabricaci\u00f3n de mortero y hormig\u00f3n de alta calidad en Hormaja.com\" \/>\n<meta name=\"robots\" content=\"index, follow, max-snippet:-1, max-image-preview:large, max-video-preview:-1\" \/>\n<link rel=\"canonical\" href=\"https:\/\/www.hormaja.com\/wordpress\/plantas-de-hormigon-y-mortero\/\" \/>\n<meta property=\"og:locale\" content=\"es_ES\" \/>\n<meta property=\"og:type\" content=\"article\" \/>\n<meta property=\"og:title\" content=\"Plantas de hormig\u00f3n y mortero en Madrid. Fabrica de mortero y hormig\u00f3n\" \/>\n<meta property=\"og:description\" content=\"Plantas de hormig\u00f3n y mortero con cobertura en la Comunidad de Madrid. Centros de fabricaci\u00f3n de mortero y hormig\u00f3n de alta calidad en Hormaja.com\" \/>\n<meta property=\"og:url\" content=\"https:\/\/www.hormaja.com\/wordpress\/plantas-de-hormigon-y-mortero\/\" \/>\n<meta property=\"og:site_name\" content=\"hormaja.com\" \/>\n<meta property=\"article:modified_time\" content=\"2021-11-01T15:11:45+00:00\" \/>\n<meta name=\"twitter:card\" content=\"summary_large_image\" \/>\n<meta name=\"twitter:label1\" content=\"Tiempo de lectura\" \/>\n\t<meta name=\"twitter:data1\" content=\"3 minutos\" \/>\n<script type=\"application\/ld+json\" class=\"yoast-schema-graph\">{\"@context\":\"https:\/\/schema.org\",\"@graph\":[{\"@type\":\"WebPage\",\"@id\":\"https:\/\/www.hormaja.com\/wordpress\/plantas-de-hormigon-y-mortero\/\",\"url\":\"https:\/\/www.hormaja.com\/wordpress\/plantas-de-hormigon-y-mortero\/\",\"name\":\"Plantas de hormig\u00f3n y mortero en Madrid. Fabrica de mortero y hormig\u00f3n\",\"isPartOf\":{\"@id\":\"https:\/\/www.hormaja.com\/wordpress\/#website\"},\"datePublished\":\"2017-03-04T08:56:41+00:00\",\"dateModified\":\"2021-11-01T15:11:45+00:00\",\"description\":\"Plantas de hormig\u00f3n y mortero con cobertura en la Comunidad de Madrid. Centros de fabricaci\u00f3n de mortero y hormig\u00f3n de alta calidad en Hormaja.com\",\"breadcrumb\":{\"@id\":\"https:\/\/www.hormaja.com\/wordpress\/plantas-de-hormigon-y-mortero\/#breadcrumb\"},\"inLanguage\":\"es\",\"potentialAction\":[{\"@type\":\"ReadAction\",\"target\":[\"https:\/\/www.hormaja.com\/wordpress\/plantas-de-hormigon-y-mortero\/\"]}]},{\"@type\":\"BreadcrumbList\",\"@id\":\"https:\/\/www.hormaja.com\/wordpress\/plantas-de-hormigon-y-mortero\/#breadcrumb\",\"itemListElement\":[{\"@type\":\"ListItem\",\"position\":1,\"name\":\"Portada\",\"item\":\"https:\/\/www.hormaja.com\/wordpress\/\"},{\"@type\":\"ListItem\",\"position\":2,\"name\":\"plantas de hormigon y mortero\"}]},{\"@type\":\"WebSite\",\"@id\":\"https:\/\/www.hormaja.com\/wordpress\/#website\",\"url\":\"https:\/\/www.hormaja.com\/wordpress\/\",\"name\":\"hormaja.com\",\"description\":\"Hormigones y Cementos\",\"publisher\":{\"@id\":\"https:\/\/www.hormaja.com\/wordpress\/#organization\"},\"potentialAction\":[{\"@type\":\"SearchAction\",\"target\":{\"@type\":\"EntryPoint\",\"urlTemplate\":\"https:\/\/www.hormaja.com\/wordpress\/?s={search_term_string}\"},\"query-input\":{\"@type\":\"PropertyValueSpecification\",\"valueRequired\":true,\"valueName\":\"search_term_string\"}}],\"inLanguage\":\"es\"},{\"@type\":\"Organization\",\"@id\":\"https:\/\/www.hormaja.com\/wordpress\/#organization\",\"name\":\"Hormigones Majadahonda S.A.\",\"url\":\"https:\/\/www.hormaja.com\/wordpress\/\",\"logo\":{\"@type\":\"ImageObject\",\"inLanguage\":\"es\",\"@id\":\"https:\/\/www.hormaja.com\/wordpress\/#\/schema\/logo\/image\/\",\"url\":\"http:\/\/hormaja.com\/wordpress\/wp-content\/uploads\/2017\/09\/Logo-Hormaja-800v4.png\",\"contentUrl\":\"http:\/\/hormaja.com\/wordpress\/wp-content\/uploads\/2017\/09\/Logo-Hormaja-800v4.png\",\"width\":320,\"height\":173,\"caption\":\"Hormigones Majadahonda S.A.\"},\"image\":{\"@id\":\"https:\/\/www.hormaja.com\/wordpress\/#\/schema\/logo\/image\/\"}}]}<\/script>\n<!-- \/ Yoast SEO plugin. -->","yoast_head_json":{"title":"Plantas de hormig\u00f3n y mortero en Madrid. Fabrica de mortero y hormig\u00f3n","description":"Plantas de hormig\u00f3n y mortero con cobertura en la Comunidad de Madrid. Centros de fabricaci\u00f3n de mortero y hormig\u00f3n de alta calidad en Hormaja.com","robots":{"index":"index","follow":"follow","max-snippet":"max-snippet:-1","max-image-preview":"max-image-preview:large","max-video-preview":"max-video-preview:-1"},"canonical":"https:\/\/www.hormaja.com\/wordpress\/plantas-de-hormigon-y-mortero\/","og_locale":"es_ES","og_type":"article","og_title":"Plantas de hormig\u00f3n y mortero en Madrid. Fabrica de mortero y hormig\u00f3n","og_description":"Plantas de hormig\u00f3n y mortero con cobertura en la Comunidad de Madrid. Centros de fabricaci\u00f3n de mortero y hormig\u00f3n de alta calidad en Hormaja.com","og_url":"https:\/\/www.hormaja.com\/wordpress\/plantas-de-hormigon-y-mortero\/","og_site_name":"hormaja.com","article_modified_time":"2021-11-01T15:11:45+00:00","twitter_card":"summary_large_image","twitter_misc":{"Tiempo de lectura":"3 minutos"},"schema":{"@context":"https:\/\/schema.org","@graph":[{"@type":"WebPage","@id":"https:\/\/www.hormaja.com\/wordpress\/plantas-de-hormigon-y-mortero\/","url":"https:\/\/www.hormaja.com\/wordpress\/plantas-de-hormigon-y-mortero\/","name":"Plantas de hormig\u00f3n y mortero en Madrid. Fabrica de mortero y hormig\u00f3n","isPartOf":{"@id":"https:\/\/www.hormaja.com\/wordpress\/#website"},"datePublished":"2017-03-04T08:56:41+00:00","dateModified":"2021-11-01T15:11:45+00:00","description":"Plantas de hormig\u00f3n y mortero con cobertura en la Comunidad de Madrid. Centros de fabricaci\u00f3n de mortero y hormig\u00f3n de alta calidad en Hormaja.com","breadcrumb":{"@id":"https:\/\/www.hormaja.com\/wordpress\/plantas-de-hormigon-y-mortero\/#breadcrumb"},"inLanguage":"es","potentialAction":[{"@type":"ReadAction","target":["https:\/\/www.hormaja.com\/wordpress\/plantas-de-hormigon-y-mortero\/"]}]},{"@type":"BreadcrumbList","@id":"https:\/\/www.hormaja.com\/wordpress\/plantas-de-hormigon-y-mortero\/#breadcrumb","itemListElement":[{"@type":"ListItem","position":1,"name":"Portada","item":"https:\/\/www.hormaja.com\/wordpress\/"},{"@type":"ListItem","position":2,"name":"plantas de hormigon y mortero"}]},{"@type":"WebSite","@id":"https:\/\/www.hormaja.com\/wordpress\/#website","url":"https:\/\/www.hormaja.com\/wordpress\/","name":"hormaja.com","description":"Hormigones y Cementos","publisher":{"@id":"https:\/\/www.hormaja.com\/wordpress\/#organization"},"potentialAction":[{"@type":"SearchAction","target":{"@type":"EntryPoint","urlTemplate":"https:\/\/www.hormaja.com\/wordpress\/?s={search_term_string}"},"query-input":{"@type":"PropertyValueSpecification","valueRequired":true,"valueName":"search_term_string"}}],"inLanguage":"es"},{"@type":"Organization","@id":"https:\/\/www.hormaja.com\/wordpress\/#organization","name":"Hormigones Majadahonda S.A.","url":"https:\/\/www.hormaja.com\/wordpress\/","logo":{"@type":"ImageObject","inLanguage":"es","@id":"https:\/\/www.hormaja.com\/wordpress\/#\/schema\/logo\/image\/","url":"http:\/\/hormaja.com\/wordpress\/wp-content\/uploads\/2017\/09\/Logo-Hormaja-800v4.png","contentUrl":"http:\/\/hormaja.com\/wordpress\/wp-content\/uploads\/2017\/09\/Logo-Hormaja-800v4.png","width":320,"height":173,"caption":"Hormigones Majadahonda S.A."},"image":{"@id":"https:\/\/www.hormaja.com\/wordpress\/#\/schema\/logo\/image\/"}}]}},"_links":{"self":[{"href":"https:\/\/www.hormaja.com\/wordpress\/wp-json\/wp\/v2\/pages\/5077"}],"collection":[{"href":"https:\/\/www.hormaja.com\/wordpress\/wp-json\/wp\/v2\/pages"}],"about":[{"href":"https:\/\/www.hormaja.com\/wordpress\/wp-json\/wp\/v2\/types\/page"}],"author":[{"embeddable":true,"href":"https:\/\/www.hormaja.com\/wordpress\/wp-json\/wp\/v2\/users\/3"}],"replies":[{"embeddable":true,"href":"https:\/\/www.hormaja.com\/wordpress\/wp-json\/wp\/v2\/comments?post=5077"}],"version-history":[{"count":49,"href":"https:\/\/www.hormaja.com\/wordpress\/wp-json\/wp\/v2\/pages\/5077\/revisions"}],"predecessor-version":[{"id":5624,"href":"https:\/\/www.hormaja.com\/wordpress\/wp-json\/wp\/v2\/pages\/5077\/revisions\/5624"}],"wp:attachment":[{"href":"https:\/\/www.hormaja.com\/wordpress\/wp-json\/wp\/v2\/media?parent=5077"}],"curies":[{"name":"wp","href":"https:\/\/api.w.org\/{rel}","templated":true}]}}