{"id":5119,"date":"2017-03-07T08:06:19","date_gmt":"2017-03-07T07:06:19","guid":{"rendered":"http:\/\/hormaja.com\/?page_id=5119"},"modified":"2018-03-26T16:18:47","modified_gmt":"2018-03-26T15:18:47","slug":"fabricadehormigonesymorterosmadrid","status":"publish","type":"page","link":"https:\/\/www.hormaja.com\/wordpress\/fabricadehormigonesymorterosmadrid\/","title":{"rendered":"\u00bf Qui\u00e9nes somos ?"},"content":{"rendered":"<section class=\"l-section wpb_row height_large color_primary with_img with_overlay\"><div class=\"l-section-img\" style=\"background-image: url(https:\/\/www.hormaja.com\/wordpress\/wp-content\/uploads\/2015\/04\/industry-1174416_1920.jpg);\" data-img-width=\"1920\" data-img-height=\"1440\"><\/div><div class=\"l-section-overlay\" style=\"background-color: rgba(0,0,0,0.6)\"><\/div><div class=\"l-section-h i-cf\"><div class=\"g-cols type_default valign_middle vc_column-gap-10\"><div class=\"vc_col-sm-12 wpb_column vc_column_container\"><div class=\"vc_column-inner\"><div class=\"wpb_wrapper\"><div class=\"wpb_text_column \"><div class=\"wpb_wrapper\">\n<h2 style=\"text-align: center;\">Hormigones Majadahonda, S.A.<\/h2>\n<\/div> <\/div> <div class=\"w-separator type_short size_huge thick_2 style_solid color_border cont_icon\"><span class=\"w-separator-h\"><i class=\"fa fa-arrow-down\"><\/i><\/span><\/div><div class=\"g-cols wpb_row type_default vc_inner \"><div class=\"vc_col-sm-4 wpb_column vc_column_container\"><div class=\"vc_column-inner\"><div class=\"wpb_wrapper\"><div class=\"w-iconbox iconpos_top style_default color_primary no_text\"><div class=\"w-iconbox-icon\"><i class=\"fa fa-cloud\"><\/i><\/div><h3 class=\"w-iconbox-title\">Medio Ambiente<\/h3><\/div><\/div><\/div><\/div><div class=\"vc_col-sm-4 wpb_column vc_column_container\"><div class=\"vc_column-inner\"><div class=\"wpb_wrapper\"><div class=\"w-iconbox iconpos_top style_default color_primary no_text\"><div class=\"w-iconbox-icon\"><i class=\"fa fa-cubes\"><\/i><\/div><h3 class=\"w-iconbox-title\">Seguridad<\/h3><\/div><\/div><\/div><\/div><div class=\"vc_col-sm-4 wpb_column vc_column_container\"><div class=\"vc_column-inner\"><div class=\"wpb_wrapper\"><div class=\"w-iconbox iconpos_top style_default color_primary no_text\"><div class=\"w-iconbox-icon\"><i class=\"fa fa-users\"><\/i><\/div><h3 class=\"w-iconbox-title\">Satisfacci\u00f3n<\/h3><\/div><\/div><\/div><\/div><\/div><\/div><\/div><\/div><\/div><\/div><\/section><section class=\"l-section wpb_row height_medium\" id=\"QUIENESSOMOS\"><div class=\"l-section-h i-cf\"><div class=\"g-cols type_default\"><div class=\"vc_col-sm-12 wpb_column vc_column_container\"><div class=\"vc_column-inner\"><div class=\"wpb_wrapper\"><div class=\"g-cols wpb_row type_default vc_inner \"><div class=\"vc_col-sm-12 wpb_column vc_column_container\"><div class=\"vc_column-inner\"><div class=\"wpb_wrapper\"><div class=\"wpb_text_column \"><div class=\"wpb_wrapper\">\n<h2>\u00bfQui\u00e9nes somos?<\/h2>\n<p>Hormigones Majadahonda es una empresa situada en la Comunidad de Madrid dedicada a la fabricaci\u00f3n de hormigones y morteros, contamos para ello con una experiencia de m\u00e1s de 20\u00a0a\u00f1os suministrando materiales a las principales empresas de construcci\u00f3n de nuestra regi\u00f3n, teniendo como principal objetivo el cumplimiento de las demandas de nuestros clientes, tanto por la calidad e innovaci\u00f3n de nuestros productos, como por la capacidad de dar un servicio adecuado a las obras.<\/div> <\/div> <\/div><\/div><\/div><\/div><div class=\"w-separator type_invisible size_small thick_1 style_solid color_border cont_none\"><span class=\"w-separator-h\"><\/span><\/div><div class=\"wpb_text_column \"><div class=\"wpb_wrapper\"><p>Disponemos de 4 centros de producci\u00f3n, que est\u00e1n situados estrat\u00e9gicamente para dar cobertura pr\u00e1cticamente a toda la Comunidad de Madrid y contando en cada uno de ellos con importantes medios humanos y materiales para dar siempre una respuesta r\u00e1pida y adecuada a nuestros clientes.<\/p><\/div> <\/div> <div class=\"wpb_text_column \"><div class=\"wpb_wrapper\"><p>Para nuestra empresa la relaci\u00f3n con el entorno que nos rodea es primordial, por este motivo\u00a0llev\u00e1bamos a cabo pol\u00edticas activas de respeto al Medio Ambiente, de seguridad y salud para\u00a0todos nuestros empleados y colaboradores. En definitiva, no entendemos una actividad\u00a0empresarial que no aporte beneficios y mejore la sociedad, todos nuestros esfuerzos estar\u00e1n\u00a0encaminados a la consecuci\u00f3n de estos objetivos.<\/p><\/div> <\/div> <\/div><\/div><\/div><\/div><\/div><\/section><section class=\"l-section wpb_row height_medium color_alternate\" id=\"HISTORIA\"><div class=\"l-section-h i-cf\"><div class=\"g-cols type_default\"><div class=\"vc_col-sm-12 wpb_column vc_column_container\"><div class=\"vc_column-inner\"><div class=\"wpb_wrapper\"><div class=\"g-cols wpb_row type_default vc_inner \"><div class=\"vc_col-sm-12 wpb_column vc_column_container\"><div class=\"vc_column-inner\"><div class=\"wpb_wrapper\"><div class=\"wpb_text_column \"><div class=\"wpb_wrapper\">\n<h2>Historia<\/h2>\n<p>La empresa fue creada en el a\u00f1o 1994 para la realizaci\u00f3n de los trabajos de urbanizaci\u00f3n del Pol\u00edgono El Carralero de Majadahonda, su primera ubicaci\u00f3n fue precisamente en ese lugar y desde all\u00ed se suministraron los hormigones de los principales edificios industriales del pol\u00edgono,el C.C. Equinoccio, la Pista de Hielo, etc.<\/div> <\/div> <\/div><\/div><\/div><\/div><div class=\"g-cols wpb_row type_default vc_inner \"><div class=\"vc_col-sm-6 wpb_column vc_column_container\"><div class=\"vc_column-inner\"><div class=\"wpb_wrapper\"><div class=\"wpb_text_column \"><div class=\"wpb_wrapper\">\n<h2 style=\"text-align: left;\"><\/h2>\n<p>A lo largo de los a\u00f1os Hormigones Majadahonda ha colaborado con el suministro de\u00a0hormigones y morteros en innumerables proyectos de construcci\u00f3n de la zona noroeste de\u00a0Madrid, como por ejemplo la ampliaci\u00f3n del tercer carril de la A-6, el tramo de calzadas\u00a0superpuestas de la M-40, la Sede Corporativa de Mapfre, la Ciudad Financiera del Banco\u00a0Santander, etc. por citar solo algunos de los m\u00e1s importantes.<\/p>\n<p>Es a partir del a\u00f1o 2013 cuando la empresa decide abrir nuevos centros de producci\u00f3n con la\u00a0idea de expandirse a lo largo de toda la Comunidad de Madrid.Se abren las plantas de San Fernando de Henares, Vic\u00e1lvaro y Alcobendas, ofreciendo a\u00a0nuestros clientes la posibilidad de llevar nuestros productos a m\u00e1s destinos, adem\u00e1s de ampliar\u00a0nuestra cartera de productos apostando claramente por la innovaci\u00f3n y la adaptaci\u00f3n a las\u00a0nuevas exigencias del mercado.<\/div> <\/div> <\/div><\/div><\/div><div class=\"vc_col-sm-6 wpb_column vc_column_container\"><div class=\"vc_column-inner\"><div class=\"wpb_wrapper\"><div class=\"w-separator type_invisible size_small thick_1 style_solid color_border cont_none\"><span class=\"w-separator-h\"><\/span><\/div><div class=\"w-image align_center\"><div class=\"us-frame\"><img loading=\"lazy\" decoding=\"async\" width=\"1024\" height=\"683\" src=\"https:\/\/www.hormaja.com\/wordpress\/wp-content\/uploads\/2015\/04\/construction-664705_1920-1024x683.jpg\" class=\"attachment-large size-large\" alt=\"\" srcset=\"https:\/\/www.hormaja.com\/wordpress\/wp-content\/uploads\/2015\/04\/construction-664705_1920-1024x683.jpg 1024w, https:\/\/www.hormaja.com\/wordpress\/wp-content\/uploads\/2015\/04\/construction-664705_1920-300x200.jpg 300w, https:\/\/www.hormaja.com\/wordpress\/wp-content\/uploads\/2015\/04\/construction-664705_1920-768x512.jpg 768w, https:\/\/www.hormaja.com\/wordpress\/wp-content\/uploads\/2015\/04\/construction-664705_1920-600x400.jpg 600w, https:\/\/www.hormaja.com\/wordpress\/wp-content\/uploads\/2015\/04\/construction-664705_1920.jpg 1920w\" sizes=\"(max-width: 1024px) 100vw, 1024px\" \/><\/div><\/div><\/div><\/div><\/div><\/div><div class=\"g-cols wpb_row type_default vc_inner \"><div class=\"vc_col-sm-12 wpb_column vc_column_container\"><div class=\"vc_column-inner\"><div class=\"wpb_wrapper\"><div class=\"w-separator type_invisible size_small thick_1 style_solid color_border cont_none\"><span class=\"w-separator-h\"><\/span><\/div><div class=\"wpb_text_column \"><div class=\"wpb_wrapper\"><p>El fortalecimiento y la mejora constante de nuestros productos y servicios es precisamente lo que caracteriza nuestra idea de lo que debe ser nuestra empresa en el presente y en el futuro\u00a0m\u00e1s inmediato. Para ello enfocamos nuestro trabajo del d\u00eda a d\u00eda y nos ofrecemos para ser su\u00a0suministrador en su proyecto de construcci\u00f3n.<\/p><\/div> <\/div> <\/div><\/div><\/div><\/div><div class=\"w-separator type_invisible size_huge thick_1 style_solid color_border cont_none\"><span class=\"w-separator-h\"><\/span><\/div><\/div><\/div><\/div><\/div><\/div><\/section><section class=\"l-section wpb_row height_medium color_primary\"><div class=\"l-section-h i-cf\"><div class=\"g-cols type_default valign_middle\"><div class=\"vc_col-sm-12 wpb_column vc_column_container\"><div class=\"vc_column-inner\"><div class=\"wpb_wrapper\"><div class=\"w-actionbox color_primary controls_right\"><div class=\"w-actionbox-text\"><h3>P\u00f3ngase en contacto para m\u00e1s informaci\u00f3n<\/h3><\/div><div class=\"w-actionbox-controls\"><a class=\"w-btn color_white style_outlined icon_none\" href=\"http:\/\/hormaja.com\/contactar-hormigones-comunidad-madrid\/\" style=\"font-size: 18px;\"><span class=\"w-btn-label\">Contactar<\/span><\/a><\/div><\/div><\/div><\/div><\/div><\/div><\/div><\/section>\n","protected":false},"excerpt":{"rendered":"Hormigones Majadahonda, S.A. Medio AmbienteSeguridadSatisfacci\u00f3n \u00bfQui\u00e9nes somos? Hormigones Majadahonda es una empresa situada en la Comunidad de Madrid dedicada a la fabricaci\u00f3n de hormigones y morteros, contamos para ello con una experiencia de m\u00e1s de 20\u00a0a\u00f1os suministrando materiales a las...","protected":false},"author":3,"featured_media":0,"parent":0,"menu_order":0,"comment_status":"closed","ping_status":"closed","template":"","meta":{"footnotes":""},"class_list":["post-5119","page","type-page","status-publish","hentry"],"yoast_head":"<!-- This site is optimized with the Yoast SEO plugin v23.4 - https:\/\/yoast.com\/wordpress\/plugins\/seo\/ -->\n<title>Fabrica de Hormigones y Morteros Madrid. Innovaci\u00f3n Hormig\u00f3n<\/title>\n<meta name=\"description\" content=\"Empresa especializada en la innovaci\u00f3n de hormigones y morteros. M\u00e1s de 20 a\u00f1os suministrando hormig\u00f3n con cobertura en toda la Comunidad de Madrid.\" \/>\n<meta name=\"robots\" content=\"index, follow, max-snippet:-1, max-image-preview:large, max-video-preview:-1\" \/>\n<link rel=\"canonical\" href=\"https:\/\/www.hormaja.com\/wordpress\/fabricadehormigonesymorterosmadrid\/\" \/>\n<meta property=\"og:locale\" content=\"es_ES\" \/>\n<meta property=\"og:type\" content=\"article\" \/>\n<meta property=\"og:title\" content=\"Fabrica de Hormigones y Morteros Madrid. Innovaci\u00f3n Hormig\u00f3n\" \/>\n<meta property=\"og:description\" content=\"Empresa especializada en la innovaci\u00f3n de hormigones y morteros. M\u00e1s de 20 a\u00f1os suministrando hormig\u00f3n con cobertura en toda la Comunidad de Madrid.\" \/>\n<meta property=\"og:url\" content=\"https:\/\/www.hormaja.com\/wordpress\/fabricadehormigonesymorterosmadrid\/\" \/>\n<meta property=\"og:site_name\" content=\"hormaja.com\" \/>\n<meta property=\"article:modified_time\" content=\"2018-03-26T15:18:47+00:00\" \/>\n<meta name=\"twitter:card\" content=\"summary_large_image\" \/>\n<meta name=\"twitter:label1\" content=\"Tiempo de lectura\" \/>\n\t<meta name=\"twitter:data1\" content=\"4 minutos\" \/>\n<script type=\"application\/ld+json\" class=\"yoast-schema-graph\">{\"@context\":\"https:\/\/schema.org\",\"@graph\":[{\"@type\":\"WebPage\",\"@id\":\"https:\/\/www.hormaja.com\/wordpress\/fabricadehormigonesymorterosmadrid\/\",\"url\":\"https:\/\/www.hormaja.com\/wordpress\/fabricadehormigonesymorterosmadrid\/\",\"name\":\"Fabrica de Hormigones y Morteros Madrid. Innovaci\u00f3n Hormig\u00f3n\",\"isPartOf\":{\"@id\":\"https:\/\/www.hormaja.com\/wordpress\/#website\"},\"datePublished\":\"2017-03-07T07:06:19+00:00\",\"dateModified\":\"2018-03-26T15:18:47+00:00\",\"description\":\"Empresa especializada en la innovaci\u00f3n de hormigones y morteros. M\u00e1s de 20 a\u00f1os suministrando hormig\u00f3n con cobertura en toda la Comunidad de Madrid.\",\"breadcrumb\":{\"@id\":\"https:\/\/www.hormaja.com\/wordpress\/fabricadehormigonesymorterosmadrid\/#breadcrumb\"},\"inLanguage\":\"es\",\"potentialAction\":[{\"@type\":\"ReadAction\",\"target\":[\"https:\/\/www.hormaja.com\/wordpress\/fabricadehormigonesymorterosmadrid\/\"]}]},{\"@type\":\"BreadcrumbList\",\"@id\":\"https:\/\/www.hormaja.com\/wordpress\/fabricadehormigonesymorterosmadrid\/#breadcrumb\",\"itemListElement\":[{\"@type\":\"ListItem\",\"position\":1,\"name\":\"Portada\",\"item\":\"https:\/\/www.hormaja.com\/wordpress\/\"},{\"@type\":\"ListItem\",\"position\":2,\"name\":\"\u00bf Qui\u00e9nes somos ?\"}]},{\"@type\":\"WebSite\",\"@id\":\"https:\/\/www.hormaja.com\/wordpress\/#website\",\"url\":\"https:\/\/www.hormaja.com\/wordpress\/\",\"name\":\"hormaja.com\",\"description\":\"Hormigones y Cementos\",\"publisher\":{\"@id\":\"https:\/\/www.hormaja.com\/wordpress\/#organization\"},\"potentialAction\":[{\"@type\":\"SearchAction\",\"target\":{\"@type\":\"EntryPoint\",\"urlTemplate\":\"https:\/\/www.hormaja.com\/wordpress\/?s={search_term_string}\"},\"query-input\":{\"@type\":\"PropertyValueSpecification\",\"valueRequired\":true,\"valueName\":\"search_term_string\"}}],\"inLanguage\":\"es\"},{\"@type\":\"Organization\",\"@id\":\"https:\/\/www.hormaja.com\/wordpress\/#organization\",\"name\":\"Hormigones Majadahonda S.A.\",\"url\":\"https:\/\/www.hormaja.com\/wordpress\/\",\"logo\":{\"@type\":\"ImageObject\",\"inLanguage\":\"es\",\"@id\":\"https:\/\/www.hormaja.com\/wordpress\/#\/schema\/logo\/image\/\",\"url\":\"http:\/\/hormaja.com\/wordpress\/wp-content\/uploads\/2017\/09\/Logo-Hormaja-800v4.png\",\"contentUrl\":\"http:\/\/hormaja.com\/wordpress\/wp-content\/uploads\/2017\/09\/Logo-Hormaja-800v4.png\",\"width\":320,\"height\":173,\"caption\":\"Hormigones Majadahonda S.A.\"},\"image\":{\"@id\":\"https:\/\/www.hormaja.com\/wordpress\/#\/schema\/logo\/image\/\"}}]}<\/script>\n<!-- \/ Yoast SEO plugin. -->","yoast_head_json":{"title":"Fabrica de Hormigones y Morteros Madrid. Innovaci\u00f3n Hormig\u00f3n","description":"Empresa especializada en la innovaci\u00f3n de hormigones y morteros. M\u00e1s de 20 a\u00f1os suministrando hormig\u00f3n con cobertura en toda la Comunidad de Madrid.","robots":{"index":"index","follow":"follow","max-snippet":"max-snippet:-1","max-image-preview":"max-image-preview:large","max-video-preview":"max-video-preview:-1"},"canonical":"https:\/\/www.hormaja.com\/wordpress\/fabricadehormigonesymorterosmadrid\/","og_locale":"es_ES","og_type":"article","og_title":"Fabrica de Hormigones y Morteros Madrid. Innovaci\u00f3n Hormig\u00f3n","og_description":"Empresa especializada en la innovaci\u00f3n de hormigones y morteros. M\u00e1s de 20 a\u00f1os suministrando hormig\u00f3n con cobertura en toda la Comunidad de Madrid.","og_url":"https:\/\/www.hormaja.com\/wordpress\/fabricadehormigonesymorterosmadrid\/","og_site_name":"hormaja.com","article_modified_time":"2018-03-26T15:18:47+00:00","twitter_card":"summary_large_image","twitter_misc":{"Tiempo de lectura":"4 minutos"},"schema":{"@context":"https:\/\/schema.org","@graph":[{"@type":"WebPage","@id":"https:\/\/www.hormaja.com\/wordpress\/fabricadehormigonesymorterosmadrid\/","url":"https:\/\/www.hormaja.com\/wordpress\/fabricadehormigonesymorterosmadrid\/","name":"Fabrica de Hormigones y Morteros Madrid. Innovaci\u00f3n Hormig\u00f3n","isPartOf":{"@id":"https:\/\/www.hormaja.com\/wordpress\/#website"},"datePublished":"2017-03-07T07:06:19+00:00","dateModified":"2018-03-26T15:18:47+00:00","description":"Empresa especializada en la innovaci\u00f3n de hormigones y morteros. M\u00e1s de 20 a\u00f1os suministrando hormig\u00f3n con cobertura en toda la Comunidad de Madrid.","breadcrumb":{"@id":"https:\/\/www.hormaja.com\/wordpress\/fabricadehormigonesymorterosmadrid\/#breadcrumb"},"inLanguage":"es","potentialAction":[{"@type":"ReadAction","target":["https:\/\/www.hormaja.com\/wordpress\/fabricadehormigonesymorterosmadrid\/"]}]},{"@type":"BreadcrumbList","@id":"https:\/\/www.hormaja.com\/wordpress\/fabricadehormigonesymorterosmadrid\/#breadcrumb","itemListElement":[{"@type":"ListItem","position":1,"name":"Portada","item":"https:\/\/www.hormaja.com\/wordpress\/"},{"@type":"ListItem","position":2,"name":"\u00bf Qui\u00e9nes somos ?"}]},{"@type":"WebSite","@id":"https:\/\/www.hormaja.com\/wordpress\/#website","url":"https:\/\/www.hormaja.com\/wordpress\/","name":"hormaja.com","description":"Hormigones y Cementos","publisher":{"@id":"https:\/\/www.hormaja.com\/wordpress\/#organization"},"potentialAction":[{"@type":"SearchAction","target":{"@type":"EntryPoint","urlTemplate":"https:\/\/www.hormaja.com\/wordpress\/?s={search_term_string}"},"query-input":{"@type":"PropertyValueSpecification","valueRequired":true,"valueName":"search_term_string"}}],"inLanguage":"es"},{"@type":"Organization","@id":"https:\/\/www.hormaja.com\/wordpress\/#organization","name":"Hormigones Majadahonda S.A.","url":"https:\/\/www.hormaja.com\/wordpress\/","logo":{"@type":"ImageObject","inLanguage":"es","@id":"https:\/\/www.hormaja.com\/wordpress\/#\/schema\/logo\/image\/","url":"http:\/\/hormaja.com\/wordpress\/wp-content\/uploads\/2017\/09\/Logo-Hormaja-800v4.png","contentUrl":"http:\/\/hormaja.com\/wordpress\/wp-content\/uploads\/2017\/09\/Logo-Hormaja-800v4.png","width":320,"height":173,"caption":"Hormigones Majadahonda S.A."},"image":{"@id":"https:\/\/www.hormaja.com\/wordpress\/#\/schema\/logo\/image\/"}}]}},"_links":{"self":[{"href":"https:\/\/www.hormaja.com\/wordpress\/wp-json\/wp\/v2\/pages\/5119"}],"collection":[{"href":"https:\/\/www.hormaja.com\/wordpress\/wp-json\/wp\/v2\/pages"}],"about":[{"href":"https:\/\/www.hormaja.com\/wordpress\/wp-json\/wp\/v2\/types\/page"}],"author":[{"embeddable":true,"href":"https:\/\/www.hormaja.com\/wordpress\/wp-json\/wp\/v2\/users\/3"}],"replies":[{"embeddable":true,"href":"https:\/\/www.hormaja.com\/wordpress\/wp-json\/wp\/v2\/comments?post=5119"}],"version-history":[{"count":16,"href":"https:\/\/www.hormaja.com\/wordpress\/wp-json\/wp\/v2\/pages\/5119\/revisions"}],"predecessor-version":[{"id":5459,"href":"https:\/\/www.hormaja.com\/wordpress\/wp-json\/wp\/v2\/pages\/5119\/revisions\/5459"}],"wp:attachment":[{"href":"https:\/\/www.hormaja.com\/wordpress\/wp-json\/wp\/v2\/media?parent=5119"}],"curies":[{"name":"wp","href":"https:\/\/api.w.org\/{rel}","templated":true}]}}