{"id":5190,"date":"2017-03-20T15:16:18","date_gmt":"2017-03-20T14:16:18","guid":{"rendered":"http:\/\/hormaja.com\/?page_id=5190"},"modified":"2018-06-02T14:06:50","modified_gmt":"2018-06-02T13:06:50","slug":"hormigon-armado-pretensado-madrid","status":"publish","type":"page","link":"https:\/\/www.hormaja.com\/wordpress\/productos-hormigon-morteros\/hormigon-armado-pretensado-madrid\/","title":{"rendered":"hormigon armado pretensado Madrid"},"content":{"rendered":"<section class=\"l-section wpb_row height_medium width_full color_secondary with_img parallax_ver with_overlay\" id=\"hormigon\" style=\"padding-bottom: 70px !important;\"><div class=\"l-section-img\" style=\"background-image: url(https:\/\/www.hormaja.com\/wordpress\/wp-content\/uploads\/2015\/04\/cement-406822_1920.jpg);\" data-img-width=\"1920\" data-img-height=\"1280\"><\/div><div class=\"l-section-overlay\" style=\"background-color: rgba(0,0,0,0.6)\"><\/div><div class=\"l-section-h i-cf\"><div class=\"g-cols type_default\"><div class=\"vc_col-sm-12 wpb_column vc_column_container align_center\"><div class=\"vc_column-inner\"><div class=\"wpb_wrapper\">[vc_custom_heading text=&#8221;HORMIG\u00d3N&#8221; font_container=&#8221;tag:h2|font_size:80|text_align:center|line_height:1.1&#8243; google_fonts=&#8221;font_family:Lato%3A100%2C100italic%2C300%2C300italic%2Cregular%2Citalic%2C700%2C700italic%2C900%2C900italic|font_style:700%20bold%20regular%3A700%3Anormal&#8221;][vc_custom_heading text=&#8221;Fabricaci\u00f3n de hormigones Madrid&#8221; font_container=&#8221;tag:h3|font_size:40|text_align:center|line_height:1.1&#8243; google_fonts=&#8221;font_family:Lato%3A100%2C100italic%2C300%2C300italic%2Cregular%2Citalic%2C700%2C700italic%2C900%2C900italic|font_style:100%20light%20regular%3A100%3Anormal&#8221;]<\/div><\/div><\/div><\/div><\/div><\/section><section class=\"l-section wpb_row height_auto\"><div class=\"l-section-h i-cf\"><div class=\"g-cols type_default valign_middle\"><div class=\"vc_col-sm-12 wpb_column vc_column_container animate_afb\"><div class=\"vc_column-inner\"><div class=\"wpb_wrapper\"><div class=\"w-separator type_invisible size_medium thick_1 style_solid color_border cont_none\"><span class=\"w-separator-h\"><\/span><\/div><div class=\"wpb_text_column \"><div class=\"wpb_wrapper\">\n<div style=\"text-align: justify;\">Hormigones Majadahonda II, S.A., posee una gran experiencia en la fabricaci\u00f3n de hormig\u00f3n con aplicaciones para cualquier tipo de estructuras tanto de hormig\u00f3n en masa como armado o pretensado, columnas, vigas, cerramientos, obra civil, etc.<br \/>\nTodos sus productos cumplen ampliamente con todas las caracter\u00edsticas requeridas por el RD-1247\/2008 (EHE-08) y mantienen un exhaustivo control de calidad de todos los productos fabricados mediante un laboratorio externo.<br \/>\n\u00danicamente se trabaja con proveedores que aseguren una alta calidad en sus productos y todos los materiales utilizados para la fabricaci\u00f3n del hormig\u00f3n poseen las certificaciones requeridas para su uso y se mantiene un estricto control de sus propiedades, estando a disposici\u00f3n de los clientes toda la documentaci\u00f3n requerida y necesaria.<br \/>\nAsimismo posee la certificaci\u00f3n ISO 9001 por parte de Bureau Veritas, con un control externo peri\u00f3dico que asegura la alta calidad de nuestros productos.\u00a0Desde nuestras plantas se realizan todo tipo de hormigones incluidos en la EHE-08<\/div>\n<\/div> <\/div> <\/div><\/div><\/div><\/div><\/div><\/section><section class=\"l-section wpb_row height_medium\"><div class=\"l-section-h i-cf\"><div class=\"g-cols type_default\"><div class=\"vc_col-sm-12 wpb_column vc_column_container\"><div class=\"vc_column-inner\"><div class=\"wpb_wrapper\"><div class=\"wpb_text_column \"><div class=\"wpb_wrapper\">\n<h3 style=\"text-align: center;\">Tipos de Hormigones<\/h3>\n<\/div> <\/div> <div class=\"w-separator type_short size_medium thick_1 style_solid color_border cont_icon\"><span class=\"w-separator-h\"><i class=\"fa fa-chevron-down\"><\/i><\/span><\/div><div class=\"g-cols wpb_row type_default vc_inner \"><div class=\"vc_col-sm-4 wpb_column vc_column_container animate_afb\"><div class=\"vc_column-inner\"><div class=\"wpb_wrapper\"><div class=\"w-iconbox iconpos_top style_outlined color_primary no_text\"><div class=\"w-iconbox-icon\" style=\"font-size:28px;\"><i class=\"fa fa-linode\"><\/i><\/div><h4 class=\"w-iconbox-title\"><strong>Hormig\u00f3n Armado (HA)<\/strong><\/h4><\/div><div class=\"w-separator type_invisible size_medium thick_1 style_solid color_border cont_none\"><span class=\"w-separator-h\"><\/span><\/div><div class=\"w-iconbox iconpos_top style_outlined color_primary no_text\"><div class=\"w-iconbox-icon\" style=\"font-size:28px;\"><i class=\"material-icons\">location_city<\/i><\/div><h4 class=\"w-iconbox-title\"><strong>Hormig\u00f3n por dosificaci\u00f3n (HD)<\/strong><\/h4><\/div><\/div><\/div><\/div><div class=\"vc_col-sm-4 wpb_column vc_column_container\"><div class=\"vc_column-inner\"><div class=\"wpb_wrapper\"><div class=\"w-iconbox iconpos_top style_outlined color_primary no_text\"><div class=\"w-iconbox-icon\" style=\"font-size:28px;\"><i class=\"fa fa-road\"><\/i><\/div><h4 class=\"w-iconbox-title\"><strong>Hormig\u00f3n pretensado (HP)<\/strong><\/h4><\/div><div class=\"w-separator type_invisible size_medium thick_1 style_solid color_border cont_none\"><span class=\"w-separator-h\"><\/span><\/div><div class=\"w-iconbox iconpos_top style_outlined color_primary no_text\"><div class=\"w-iconbox-icon\" style=\"font-size:28px;\"><i class=\"fa fa-codepen\"><\/i><\/div><h4 class=\"w-iconbox-title\"><strong>Hormig\u00f3n no estructural (HNE) <\/strong><\/h4><\/div><\/div><\/div><\/div><div class=\"vc_col-sm-4 wpb_column vc_column_container\"><div class=\"vc_column-inner\"><div class=\"wpb_wrapper\"><div class=\"w-iconbox iconpos_top style_outlined color_primary no_text\"><div class=\"w-iconbox-icon\" style=\"font-size:28px;\"><i class=\"fa fa-cube\"><\/i><\/div><h4 class=\"w-iconbox-title\"><strong>Hormig\u00f3n en masa (HM)<\/strong><\/h4><\/div><div class=\"w-separator type_invisible size_medium thick_1 style_solid color_border cont_none\"><span class=\"w-separator-h\"><\/span><\/div><div class=\"w-iconbox iconpos_top style_outlined color_primary no_text\"><div class=\"w-iconbox-icon\" style=\"font-size:28px;\"><i class=\"fa fa-object-group\"><\/i><\/div><h4 class=\"w-iconbox-title\"><strong>Hormig\u00f3n de Limpieza (HL)<\/strong><\/h4><\/div><\/div><\/div><\/div><\/div><\/div><\/div><\/div><\/div><\/div><\/section><section class=\"l-section wpb_row height_medium\"><div class=\"l-section-h i-cf\"><div class=\"g-cols type_default\"><div class=\"vc_col-sm-12 wpb_column vc_column_container\"><div class=\"vc_column-inner\"><div class=\"wpb_wrapper\"><div class=\"w-tabs layout_modern icon_chevron iconpos_right vc_custom_1489925654904 \"><div class=\"w-tabs-list items_2\"><div class=\"w-tabs-list-h\"><div class=\"w-tabs-item active\"><a href=\"#1489922696624-e426d381-ec11\" class=\"w-tabs-item-h\"><span class=\"w-tabs-item-title\">Caracteristicas<\/span><\/a><\/div>\n<div class=\"w-tabs-item\"><a href=\"#1489923526030-2b255345-4559\" class=\"w-tabs-item-h\"><span class=\"w-tabs-item-title\">Descargar ficheros<\/span><\/a><\/div>\n<\/div><\/div><div class=\"w-tabs-sections\"><div class=\"w-tabs-sections-h\"><div class=\"w-tabs-section active\" id=\"1489922696624-e426d381-ec11\"><a href=\"#1489922696624-e426d381-ec11\" class=\"w-tabs-section-header\"><div class=\"w-tabs-section-header-h\"><h5 class=\"w-tabs-section-title\">Caracteristicas<\/h5><div class=\"w-tabs-section-control\"><\/div><\/div><\/a><div class=\"w-tabs-section-content\"><div class=\"w-tabs-section-content-h i-cf\"><div class=\"wpb_text_column \"><div class=\"wpb_wrapper\">\n<p style=\"text-align: left; padding-left: 30px;\"><strong>Resistencia caracter\u00edstica a 28 d\u00edas (N\/mm<sup>2<\/sup>):<\/strong> 20 \u2013 25 \u2013 30 \u2013 35 \u2013 40<\/p>\n<p style=\"text-align: left; padding-left: 30px;\"><strong>Consistencia:<\/strong> Seca, pl\u00e1stica, Blanda, fluida o l\u00edquida.<\/p>\n<p style=\"text-align: left; padding-left: 30px;\"><strong>Tama\u00f1o m\u00e1ximo del \u00e1rido:<\/strong> 12 y 20 mm<\/p>\n<p style=\"text-align: left; padding-left: 30px;\"><strong>Ambiente o clase de exposici\u00f3n:<\/strong><\/p>\n<ul style=\"text-align: left; padding-left: 60px;\">\n<li>Ambientes generales: I, IIa, IIb, IIIa, IIIb, IIIc, IV.<\/li>\n<li>Ambientes espec\u00edficos; Qa, Qb, Qc.<\/li>\n<\/ul>\n<p style=\"padding-left: 30px;\"><strong>Relaci\u00f3n agua\/cemento:<\/strong> no superior los m\u00e1ximos de tabla 37.3.2.a de EHE-08<\/p>\n<p style=\"text-align: left; padding-left: 30px;\"><strong>Contenido en cemento:<\/strong> Superior a los m\u00ednimos de tabla 37.3.2.a de EHE-08.<\/p>\n<\/div> <\/div> <\/div><\/div><\/div><div class=\"w-tabs-section\" id=\"1489923526030-2b255345-4559\"><a href=\"#1489923526030-2b255345-4559\" class=\"w-tabs-section-header\"><div class=\"w-tabs-section-header-h\"><h5 class=\"w-tabs-section-title\">Descargar ficheros<\/h5><div class=\"w-tabs-section-control\"><\/div><\/div><\/a><div class=\"w-tabs-section-content\"><div class=\"w-tabs-section-content-h i-cf\"><div class=\"g-cols wpb_row type_default vc_inner \"><div class=\"vc_col-sm-12 wpb_column vc_column_container\"><div class=\"vc_column-inner\"><div class=\"wpb_wrapper\"><div class=\"wpb_text_column \"><div class=\"wpb_wrapper\"><p><a  data-e-Disable-Page-Transition=\"true\" class=\"download-link\" title=\"\" href=\"https:\/\/www.hormaja.com\/wordpress\/wordpress\/files-down\/5373\/?tmstv=1778156921\" rel=\"nofollow\" id=\"download-link-5373\" data-redirect=\"false\" >\n\tFicha t\u00e9cnica del hormig\u00f3n<\/a>\n;<\/p>\n<a  data-e-Disable-Page-Transition=\"true\" class=\"download-link\" title=\"\" href=\"https:\/\/www.hormaja.com\/wordpress\/wordpress\/files-down\/5375\/?tmstv=1778156921\" rel=\"nofollow\" id=\"download-link-5375\" data-redirect=\"false\" >\n\tFicha de seguridad<\/a>\n;<\/p><\/div> <\/div> <div class=\"w-separator type_default size_medium thick_1 style_solid color_border cont_text\"><span class=\"w-separator-h\"><h3>Dossier Planta<\/h3><\/span><\/div><div class=\"wpb_text_column \"><div class=\"wpb_wrapper\"><p>[Descarga no encontrada];<\/p>\n<a  data-e-Disable-Page-Transition=\"true\" class=\"download-link\" title=\"\" href=\"https:\/\/www.hormaja.com\/wordpress\/wordpress\/files-down\/5365\/?tmstv=1778156921\" rel=\"nofollow\" id=\"download-link-5365\" data-redirect=\"false\" >\n\tDossier planta Majadahonda<\/a>\n;<\/p>\n<a  data-e-Disable-Page-Transition=\"true\" class=\"download-link\" title=\"\" href=\"https:\/\/www.hormaja.com\/wordpress\/wordpress\/files-down\/5367\/?tmstv=1778156921\" rel=\"nofollow\" id=\"download-link-5367\" data-redirect=\"false\" >\n\tDossier planta San Fernando de Henares<\/a>\n;<\/p>\n<a  data-e-Disable-Page-Transition=\"true\" class=\"download-link\" title=\"\" href=\"https:\/\/www.hormaja.com\/wordpress\/wordpress\/files-down\/5371\/?tmstv=1778156921\" rel=\"nofollow\" id=\"download-link-5371\" data-redirect=\"false\" >\n\tDossier planta Vic\u00e1lvaro<\/a>\n;<\/p><\/div> <\/div> <\/div><\/div><\/div><\/div><\/div><\/div><\/div><\/div><\/div><\/div><\/div><\/div><\/div><\/div><\/div><\/section>\n","protected":false},"excerpt":{"rendered":"[vc_custom_heading text=\"HORMIG\u00d3N\" font_container=\"tag:h2|font_size:80|text_align:center|line_height:1.1\" google_fonts=\"font_family:Lato%3A100%2C100italic%2C300%2C300italic%2Cregular%2Citalic%2C700%2C700italic%2C900%2C900italic|font_style:700%20bold%20regular%3A700%3Anormal\"][vc_custom_heading text=\"Fabricaci\u00f3n de hormigones Madrid\" font_container=\"tag:h3|font_size:40|text_align:center|line_height:1.1\" google_fonts=\"font_family:Lato%3A100%2C100italic%2C300%2C300italic%2Cregular%2Citalic%2C700%2C700italic%2C900%2C900italic|font_style:100%20light%20regular%3A100%3Anormal\"] Hormigones Majadahonda II, S.A., posee una gran experiencia en la fabricaci\u00f3n de hormig\u00f3n con aplicaciones para cualquier tipo de estructuras tanto de hormig\u00f3n en masa como armado o pretensado, columnas,...","protected":false},"author":3,"featured_media":0,"parent":5130,"menu_order":0,"comment_status":"closed","ping_status":"closed","template":"","meta":{"footnotes":""},"class_list":["post-5190","page","type-page","status-publish","hentry"],"yoast_head":"<!-- This site is optimized with the Yoast SEO plugin v23.4 - https:\/\/yoast.com\/wordpress\/plugins\/seo\/ -->\n<title>Hormig\u00f3n Armado y Prensado industrial. Plantas de Hormig\u00f3n<\/title>\n<meta name=\"description\" content=\"Descubre nuestro amplio cat\u00e1logo de productos de hormig\u00f3n para obras en Hormaja.com. Fabricaci\u00f3n de hormigones de alta calidad en toda Comunidad de Madrid\" \/>\n<meta name=\"robots\" content=\"index, follow, max-snippet:-1, max-image-preview:large, max-video-preview:-1\" \/>\n<link rel=\"canonical\" href=\"https:\/\/www.hormaja.com\/wordpress\/productos-hormigon-morteros\/hormigon-armado-pretensado-madrid\/\" \/>\n<meta property=\"og:locale\" content=\"es_ES\" \/>\n<meta property=\"og:type\" content=\"article\" \/>\n<meta property=\"og:title\" content=\"Hormig\u00f3n Armado y Prensado industrial. Plantas de Hormig\u00f3n\" \/>\n<meta property=\"og:description\" content=\"Descubre nuestro amplio cat\u00e1logo de productos de hormig\u00f3n para obras en Hormaja.com. Fabricaci\u00f3n de hormigones de alta calidad en toda Comunidad de Madrid\" \/>\n<meta property=\"og:url\" content=\"https:\/\/www.hormaja.com\/wordpress\/productos-hormigon-morteros\/hormigon-armado-pretensado-madrid\/\" \/>\n<meta property=\"og:site_name\" content=\"hormaja.com\" \/>\n<meta property=\"article:modified_time\" content=\"2018-06-02T13:06:50+00:00\" \/>\n<meta name=\"twitter:card\" content=\"summary_large_image\" \/>\n<meta name=\"twitter:label1\" content=\"Tiempo de lectura\" \/>\n\t<meta name=\"twitter:data1\" content=\"3 minutos\" \/>\n<script type=\"application\/ld+json\" class=\"yoast-schema-graph\">{\"@context\":\"https:\/\/schema.org\",\"@graph\":[{\"@type\":\"WebPage\",\"@id\":\"https:\/\/www.hormaja.com\/wordpress\/productos-hormigon-morteros\/hormigon-armado-pretensado-madrid\/\",\"url\":\"https:\/\/www.hormaja.com\/wordpress\/productos-hormigon-morteros\/hormigon-armado-pretensado-madrid\/\",\"name\":\"Hormig\u00f3n Armado y Prensado industrial. Plantas de Hormig\u00f3n\",\"isPartOf\":{\"@id\":\"https:\/\/www.hormaja.com\/wordpress\/#website\"},\"datePublished\":\"2017-03-20T14:16:18+00:00\",\"dateModified\":\"2018-06-02T13:06:50+00:00\",\"description\":\"Descubre nuestro amplio cat\u00e1logo de productos de hormig\u00f3n para obras en Hormaja.com. Fabricaci\u00f3n de hormigones de alta calidad en toda Comunidad de Madrid\",\"breadcrumb\":{\"@id\":\"https:\/\/www.hormaja.com\/wordpress\/productos-hormigon-morteros\/hormigon-armado-pretensado-madrid\/#breadcrumb\"},\"inLanguage\":\"es\",\"potentialAction\":[{\"@type\":\"ReadAction\",\"target\":[\"https:\/\/www.hormaja.com\/wordpress\/productos-hormigon-morteros\/hormigon-armado-pretensado-madrid\/\"]}]},{\"@type\":\"BreadcrumbList\",\"@id\":\"https:\/\/www.hormaja.com\/wordpress\/productos-hormigon-morteros\/hormigon-armado-pretensado-madrid\/#breadcrumb\",\"itemListElement\":[{\"@type\":\"ListItem\",\"position\":1,\"name\":\"Portada\",\"item\":\"https:\/\/www.hormaja.com\/wordpress\/\"},{\"@type\":\"ListItem\",\"position\":2,\"name\":\"productos hormigon morteros\",\"item\":\"https:\/\/www.hormaja.com\/wordpress\/productos-hormigon-morteros\/\"},{\"@type\":\"ListItem\",\"position\":3,\"name\":\"hormigon armado pretensado Madrid\"}]},{\"@type\":\"WebSite\",\"@id\":\"https:\/\/www.hormaja.com\/wordpress\/#website\",\"url\":\"https:\/\/www.hormaja.com\/wordpress\/\",\"name\":\"hormaja.com\",\"description\":\"Hormigones y Cementos\",\"publisher\":{\"@id\":\"https:\/\/www.hormaja.com\/wordpress\/#organization\"},\"potentialAction\":[{\"@type\":\"SearchAction\",\"target\":{\"@type\":\"EntryPoint\",\"urlTemplate\":\"https:\/\/www.hormaja.com\/wordpress\/?s={search_term_string}\"},\"query-input\":{\"@type\":\"PropertyValueSpecification\",\"valueRequired\":true,\"valueName\":\"search_term_string\"}}],\"inLanguage\":\"es\"},{\"@type\":\"Organization\",\"@id\":\"https:\/\/www.hormaja.com\/wordpress\/#organization\",\"name\":\"Hormigones Majadahonda S.A.\",\"url\":\"https:\/\/www.hormaja.com\/wordpress\/\",\"logo\":{\"@type\":\"ImageObject\",\"inLanguage\":\"es\",\"@id\":\"https:\/\/www.hormaja.com\/wordpress\/#\/schema\/logo\/image\/\",\"url\":\"http:\/\/hormaja.com\/wordpress\/wp-content\/uploads\/2017\/09\/Logo-Hormaja-800v4.png\",\"contentUrl\":\"http:\/\/hormaja.com\/wordpress\/wp-content\/uploads\/2017\/09\/Logo-Hormaja-800v4.png\",\"width\":320,\"height\":173,\"caption\":\"Hormigones Majadahonda S.A.\"},\"image\":{\"@id\":\"https:\/\/www.hormaja.com\/wordpress\/#\/schema\/logo\/image\/\"}}]}<\/script>\n<!-- \/ Yoast SEO plugin. -->","yoast_head_json":{"title":"Hormig\u00f3n Armado y Prensado industrial. Plantas de Hormig\u00f3n","description":"Descubre nuestro amplio cat\u00e1logo de productos de hormig\u00f3n para obras en Hormaja.com. Fabricaci\u00f3n de hormigones de alta calidad en toda Comunidad de Madrid","robots":{"index":"index","follow":"follow","max-snippet":"max-snippet:-1","max-image-preview":"max-image-preview:large","max-video-preview":"max-video-preview:-1"},"canonical":"https:\/\/www.hormaja.com\/wordpress\/productos-hormigon-morteros\/hormigon-armado-pretensado-madrid\/","og_locale":"es_ES","og_type":"article","og_title":"Hormig\u00f3n Armado y Prensado industrial. Plantas de Hormig\u00f3n","og_description":"Descubre nuestro amplio cat\u00e1logo de productos de hormig\u00f3n para obras en Hormaja.com. Fabricaci\u00f3n de hormigones de alta calidad en toda Comunidad de Madrid","og_url":"https:\/\/www.hormaja.com\/wordpress\/productos-hormigon-morteros\/hormigon-armado-pretensado-madrid\/","og_site_name":"hormaja.com","article_modified_time":"2018-06-02T13:06:50+00:00","twitter_card":"summary_large_image","twitter_misc":{"Tiempo de lectura":"3 minutos"},"schema":{"@context":"https:\/\/schema.org","@graph":[{"@type":"WebPage","@id":"https:\/\/www.hormaja.com\/wordpress\/productos-hormigon-morteros\/hormigon-armado-pretensado-madrid\/","url":"https:\/\/www.hormaja.com\/wordpress\/productos-hormigon-morteros\/hormigon-armado-pretensado-madrid\/","name":"Hormig\u00f3n Armado y Prensado industrial. Plantas de Hormig\u00f3n","isPartOf":{"@id":"https:\/\/www.hormaja.com\/wordpress\/#website"},"datePublished":"2017-03-20T14:16:18+00:00","dateModified":"2018-06-02T13:06:50+00:00","description":"Descubre nuestro amplio cat\u00e1logo de productos de hormig\u00f3n para obras en Hormaja.com. Fabricaci\u00f3n de hormigones de alta calidad en toda Comunidad de Madrid","breadcrumb":{"@id":"https:\/\/www.hormaja.com\/wordpress\/productos-hormigon-morteros\/hormigon-armado-pretensado-madrid\/#breadcrumb"},"inLanguage":"es","potentialAction":[{"@type":"ReadAction","target":["https:\/\/www.hormaja.com\/wordpress\/productos-hormigon-morteros\/hormigon-armado-pretensado-madrid\/"]}]},{"@type":"BreadcrumbList","@id":"https:\/\/www.hormaja.com\/wordpress\/productos-hormigon-morteros\/hormigon-armado-pretensado-madrid\/#breadcrumb","itemListElement":[{"@type":"ListItem","position":1,"name":"Portada","item":"https:\/\/www.hormaja.com\/wordpress\/"},{"@type":"ListItem","position":2,"name":"productos hormigon morteros","item":"https:\/\/www.hormaja.com\/wordpress\/productos-hormigon-morteros\/"},{"@type":"ListItem","position":3,"name":"hormigon armado pretensado Madrid"}]},{"@type":"WebSite","@id":"https:\/\/www.hormaja.com\/wordpress\/#website","url":"https:\/\/www.hormaja.com\/wordpress\/","name":"hormaja.com","description":"Hormigones y Cementos","publisher":{"@id":"https:\/\/www.hormaja.com\/wordpress\/#organization"},"potentialAction":[{"@type":"SearchAction","target":{"@type":"EntryPoint","urlTemplate":"https:\/\/www.hormaja.com\/wordpress\/?s={search_term_string}"},"query-input":{"@type":"PropertyValueSpecification","valueRequired":true,"valueName":"search_term_string"}}],"inLanguage":"es"},{"@type":"Organization","@id":"https:\/\/www.hormaja.com\/wordpress\/#organization","name":"Hormigones Majadahonda S.A.","url":"https:\/\/www.hormaja.com\/wordpress\/","logo":{"@type":"ImageObject","inLanguage":"es","@id":"https:\/\/www.hormaja.com\/wordpress\/#\/schema\/logo\/image\/","url":"http:\/\/hormaja.com\/wordpress\/wp-content\/uploads\/2017\/09\/Logo-Hormaja-800v4.png","contentUrl":"http:\/\/hormaja.com\/wordpress\/wp-content\/uploads\/2017\/09\/Logo-Hormaja-800v4.png","width":320,"height":173,"caption":"Hormigones Majadahonda S.A."},"image":{"@id":"https:\/\/www.hormaja.com\/wordpress\/#\/schema\/logo\/image\/"}}]}},"_links":{"self":[{"href":"https:\/\/www.hormaja.com\/wordpress\/wp-json\/wp\/v2\/pages\/5190"}],"collection":[{"href":"https:\/\/www.hormaja.com\/wordpress\/wp-json\/wp\/v2\/pages"}],"about":[{"href":"https:\/\/www.hormaja.com\/wordpress\/wp-json\/wp\/v2\/types\/page"}],"author":[{"embeddable":true,"href":"https:\/\/www.hormaja.com\/wordpress\/wp-json\/wp\/v2\/users\/3"}],"replies":[{"embeddable":true,"href":"https:\/\/www.hormaja.com\/wordpress\/wp-json\/wp\/v2\/comments?post=5190"}],"version-history":[{"count":39,"href":"https:\/\/www.hormaja.com\/wordpress\/wp-json\/wp\/v2\/pages\/5190\/revisions"}],"predecessor-version":[{"id":5380,"href":"https:\/\/www.hormaja.com\/wordpress\/wp-json\/wp\/v2\/pages\/5190\/revisions\/5380"}],"up":[{"embeddable":true,"href":"https:\/\/www.hormaja.com\/wordpress\/wp-json\/wp\/v2\/pages\/5130"}],"wp:attachment":[{"href":"https:\/\/www.hormaja.com\/wordpress\/wp-json\/wp\/v2\/media?parent=5190"}],"curies":[{"name":"wp","href":"https:\/\/api.w.org\/{rel}","templated":true}]}}