{"id":5220,"date":"2017-03-20T15:14:04","date_gmt":"2017-03-20T14:14:04","guid":{"rendered":"http:\/\/hormaja.com\/?page_id=5220"},"modified":"2019-02-01T17:16:47","modified_gmt":"2019-02-01T16:16:47","slug":"mortero-obras-construccion-madrid","status":"publish","type":"page","link":"https:\/\/www.hormaja.com\/wordpress\/productos-hormigon-morteros\/mortero-obras-construccion-madrid\/","title":{"rendered":"mortero obras construccion Madrid"},"content":{"rendered":"<section class=\"l-section wpb_row height_medium width_full color_secondary with_img parallax_ver with_overlay\" id=\"hormigon\" style=\"padding-bottom: 70px !important;\"><div class=\"l-section-img\" style=\"background-image: url(https:\/\/www.hormaja.com\/wordpress\/wp-content\/uploads\/2015\/04\/mason-694271_1280.jpg);\" data-img-width=\"1280\" data-img-height=\"914\"><\/div><div class=\"l-section-overlay\" style=\"background-color: rgba(0,0,0,0.6)\"><\/div><div class=\"l-section-h i-cf\"><div class=\"g-cols type_default\"><div class=\"vc_col-sm-12 wpb_column vc_column_container align_center\"><div class=\"vc_column-inner\"><div class=\"wpb_wrapper\">[vc_custom_heading text=&#8221;MORTERO&#8221; font_container=&#8221;tag:h2|font_size:80|text_align:center|line_height:1.1&#8243; google_fonts=&#8221;font_family:Lato%3A100%2C100italic%2C300%2C300italic%2Cregular%2Citalic%2C700%2C700italic%2C900%2C900italic|font_style:700%20bold%20regular%3A700%3Anormal&#8221;][vc_custom_heading text=&#8221;Fabricaci\u00f3n de morteros Madrid&#8221; font_container=&#8221;tag:h3|font_size:40|text_align:center|line_height:1.1&#8243; google_fonts=&#8221;font_family:Lato%3A100%2C100italic%2C300%2C300italic%2Cregular%2Citalic%2C700%2C700italic%2C900%2C900italic|font_style:100%20light%20regular%3A100%3Anormal&#8221;]<\/div><\/div><\/div><\/div><\/div><\/section><section class=\"l-section wpb_row height_auto\"><div class=\"l-section-h i-cf\"><div class=\"g-cols type_default valign_middle\"><div class=\"vc_col-sm-12 wpb_column vc_column_container animate_afb\"><div class=\"vc_column-inner\"><div class=\"wpb_wrapper\"><div class=\"w-separator type_invisible size_medium thick_1 style_solid color_border cont_none\"><span class=\"w-separator-h\"><\/span><\/div><div class=\"wpb_text_column \"><div class=\"wpb_wrapper\">\n<div style=\"font-size: 18px; text-align: justify;\">\n<p>Hormigones Majadahonda tiene implantado un sistema de Gesti\u00f3n de Calidad Basado en la ISO 9001 as\u00ed como el marcado CE de los morteros de alba\u00f1iler\u00eda seg\u00fan la norma EN 998-2.<\/p>\n<p>Mantiene un estricto control de calidad de los productos fabricados por parte de un laboratorio externo que asegura la necesaria calidad e imparcialidad en los resultados.<\/p>\n<p>Recibe auditor\u00edas peri\u00f3dicas por parte de la entidad de certificaci\u00f3n Bureau Veritas lo cual asegura el correcto mantenimiento del control de producci\u00f3n en f\u00e1brica certificado por una entidad externa.<\/p>\n<p>Asimismo realiza todo tipo de morteros, tanto prescritos como por dosificaci\u00f3n, com\u00fanmente utilizados para gunitados de piscinas, taludes, pilotes secantes, etc..<\/p>\n<\/div>\n<\/div> <\/div> <\/div><\/div><\/div><\/div><\/div><\/section><section class=\"l-section wpb_row height_medium\"><div class=\"l-section-h i-cf\"><div class=\"g-cols type_default\"><div class=\"vc_col-sm-12 wpb_column vc_column_container\"><div class=\"vc_column-inner\"><div class=\"wpb_wrapper\"><div class=\"wpb_text_column \"><div class=\"wpb_wrapper\">\n<h3 style=\"text-align: center;\">Tipos de morteros por dosificaci\u00f3n y resistencia<\/h3>\n<\/div> <\/div> <div class=\"w-separator type_short size_medium thick_1 style_solid color_border cont_icon\"><span class=\"w-separator-h\"><i class=\"fa fa-chevron-down\"><\/i><\/span><\/div><div class=\"g-cols wpb_row type_default vc_inner \"><div class=\"vc_col-sm-6 wpb_column vc_column_container animate_afb\"><div class=\"vc_column-inner\"><div class=\"wpb_wrapper\"><div class=\"w-iconbox iconpos_top style_outlined color_primary no_text\"><div class=\"w-iconbox-icon\" style=\"font-size:28px;\"><i class=\"fa fa-linode\"><\/i><\/div><h4 class=\"w-iconbox-title\"><strong>Mortero revestimientos de fachada<\/strong><\/h4><\/div><div class=\"w-separator type_invisible size_medium thick_1 style_solid color_border cont_none\"><span class=\"w-separator-h\"><\/span><\/div><div class=\"w-iconbox iconpos_top style_outlined color_primary no_text\"><div class=\"w-iconbox-icon\" style=\"font-size:28px;\"><i class=\"fa fa-road\"><\/i><\/div><h4 class=\"w-iconbox-title\"><strong>Morteros de nivelaci\u00f3n<\/strong><\/h4><\/div><\/div><\/div><\/div><div class=\"vc_col-sm-6 wpb_column vc_column_container animate_afb\"><div class=\"vc_column-inner\"><div class=\"wpb_wrapper\"><div class=\"w-iconbox iconpos_top style_outlined color_primary no_text\"><div class=\"w-iconbox-icon\" style=\"font-size:28px;\"><i class=\"fa fa-thermometer-three-quarters\"><\/i><\/div><h4 class=\"w-iconbox-title\"><strong>Mortero para humedades y aislamiento termico<\/strong><\/h4><\/div><div class=\"w-separator type_invisible size_medium thick_1 style_solid color_border cont_none\"><span class=\"w-separator-h\"><\/span><\/div><div class=\"w-iconbox iconpos_top style_outlined color_primary no_text\"><div class=\"w-iconbox-icon\" style=\"font-size:28px;\"><i class=\"fa fa-cube\"><\/i><\/div><h4 class=\"w-iconbox-title\"><strong>Morteros especiales<\/strong><\/h4><\/div><\/div><\/div><\/div><\/div><\/div><\/div><\/div><\/div><\/div><\/section><section class=\"l-section wpb_row height_medium\"><div class=\"l-section-h i-cf\"><div class=\"g-cols type_default\"><div class=\"vc_col-sm-12 wpb_column vc_column_container\"><div class=\"vc_column-inner\"><div class=\"wpb_wrapper\"><div class=\"wpb_text_column \"><div class=\"wpb_wrapper\">\n<h3 style=\"text-align: center;\">Descargar ficheros<\/h3>\n<\/div> <\/div> <div class=\"w-separator type_default size_medium thick_2 style_solid color_primary cont_icon\"><span class=\"w-separator-h\"><i class=\"fa fa-download\"><\/i><\/span><\/div><div class=\"wpb_text_column \"><div class=\"wpb_wrapper\"><div class='w3eden'><!-- WPDM Link Template: Default Template -->\n\n<div class=\"link-template-default card mb-2\">\n    <div class=\"card-body\">\n        <div class=\"media\">\n            <div class=\"mr-3 img-48\"><img decoding=\"async\" class=\"wpdm_icon\" alt=\"Icono\"   src=\"http:\/\/hormaja.com\/wordpress\/wp-content\/plugins\/download-manager\/assets\/file-type-icons\/down2.png\" \/><\/div>\n            <div class=\"media-body\">\n                <h3 class=\"package-title\"><a href='https:\/\/www.hormaja.com\/wordpress\/download\/certificado-de-control-de-produccion-en-fabrica\/'>Certificado de control de producci\u00f3n en f\u00e1brica<\/a><\/h3>\n                <div class=\"text-muted text-small\"><i class=\"fas fa-copy\"><\/i> 1 archivo(s) <i class=\"fas fa-hdd ml-3\"><\/i> 747.38 KB<\/div>\n            <\/div>\n            <div class=\"ml-3\">\n                <a class='wpdm-download-link download-on-click btn btn-primary ' rel='nofollow' href='#' data-downloadurl=\"https:\/\/www.hormaja.com\/wordpress\/download\/certificado-de-control-de-produccion-en-fabrica\/?wpdmdl=5313&refresh=69e2638f73a131776444303\">Descargar<\/a>\n            <\/div>\n        <\/div>\n    <\/div>\n<\/div>\n\n<\/div><\/div> <\/div> <\/div><\/div><\/div><\/div><\/div><\/section><section class=\"l-section wpb_row height_medium\"><div class=\"l-section-h i-cf\"><div class=\"g-cols type_default\"><div class=\"vc_col-sm-12 wpb_column vc_column_container\"><div class=\"vc_column-inner\"><div class=\"wpb_wrapper\"><div class=\"w-tabs layout_modern icon_chevron iconpos_right vc_custom_1489925654904 \"><div class=\"w-tabs-list items_3\"><div class=\"w-tabs-list-h\"><div class=\"w-tabs-item active\"><a href=\"#1490002073084-eae26a26-740a\" class=\"w-tabs-item-h\"><span class=\"w-tabs-item-title\">Planta Alcobendas<\/span><\/a><\/div>\n<div class=\"w-tabs-item\"><a href=\"#1489923526030-2b255345-4559\" class=\"w-tabs-item-h\"><span class=\"w-tabs-item-title\">Planta Majadahonda<\/span><\/a><\/div>\n<div class=\"w-tabs-item\"><a href=\"#1490002125976-060d1071-bdbc\" class=\"w-tabs-item-h\"><span class=\"w-tabs-item-title\">Planta de Vic\u00e1lvaro<\/span><\/a><\/div>\n<\/div><\/div><div class=\"w-tabs-sections\"><div class=\"w-tabs-sections-h\"><div class=\"w-tabs-section active\" id=\"1490002073084-eae26a26-740a\"><a href=\"#1490002073084-eae26a26-740a\" class=\"w-tabs-section-header\"><div class=\"w-tabs-section-header-h\"><h5 class=\"w-tabs-section-title\">Planta Alcobendas<\/h5><div class=\"w-tabs-section-control\"><\/div><\/div><\/a><div class=\"w-tabs-section-content\"><div class=\"w-tabs-section-content-h i-cf\"><div class=\"g-cols wpb_row type_default vc_inner \"><div class=\"vc_col-sm-3 wpb_column vc_column_container\"><div class=\"vc_column-inner\"><div class=\"wpb_wrapper\">[vc_empty_space]<\/div><\/div><\/div><div class=\"vc_col-sm-9 wpb_column vc_column_container\"><div class=\"vc_column-inner\"><div class=\"wpb_wrapper\"><div class=\"wpb_text_column \"><div class=\"wpb_wrapper\"><p><a  data-e-Disable-Page-Transition=\"true\" class=\"download-link\" title=\"Versi\u00f3n 2\" href=\"https:\/\/www.hormaja.com\/wordpress\/wordpress\/files-down\/5301\/?tmstv=1776444303\" rel=\"nofollow\" id=\"download-link-5301\" data-redirect=\"false\" >\n\tDeclaraci\u00f3n de prestaciones M-5 Gris<\/a>\n;<\/p>\n<a  data-e-Disable-Page-Transition=\"true\" class=\"download-link\" title=\"Versi\u00f3n 2\" href=\"https:\/\/www.hormaja.com\/wordpress\/wordpress\/files-down\/5303\/?tmstv=1776444303\" rel=\"nofollow\" id=\"download-link-5303\" data-redirect=\"false\" >\n\tDeclaraci\u00f3n de prestaciones M-7,5 Gris<\/a>\n;<\/p>\n<a  data-e-Disable-Page-Transition=\"true\" class=\"download-link\" title=\"Versi\u00f3n 1\" href=\"https:\/\/www.hormaja.com\/wordpress\/wordpress\/files-down\/5299\/?tmstv=1776444303\" rel=\"nofollow\" id=\"download-link-5299\" data-redirect=\"false\" >\n\tDeclaraci\u00f3n de prestaciones M-5 Blanco<\/a>\n;<\/p><\/div> <\/div> <\/div><\/div><\/div><\/div><\/div><\/div><\/div><div class=\"w-tabs-section\" id=\"1489923526030-2b255345-4559\"><a href=\"#1489923526030-2b255345-4559\" class=\"w-tabs-section-header\"><div class=\"w-tabs-section-header-h\"><h5 class=\"w-tabs-section-title\">Planta Majadahonda<\/h5><div class=\"w-tabs-section-control\"><\/div><\/div><\/a><div class=\"w-tabs-section-content\"><div class=\"w-tabs-section-content-h i-cf\"><div class=\"g-cols wpb_row type_default vc_inner \"><div class=\"vc_col-sm-3 wpb_column vc_column_container\"><div class=\"vc_column-inner\"><div class=\"wpb_wrapper\">[vc_empty_space]<\/div><\/div><\/div><div class=\"vc_col-sm-9 wpb_column vc_column_container\"><div class=\"vc_column-inner\"><div class=\"wpb_wrapper\"><div class=\"wpb_text_column \"><div class=\"wpb_wrapper\"><p><a  data-e-Disable-Page-Transition=\"true\" class=\"download-link\" title=\"Versi\u00f3n 1\" href=\"https:\/\/www.hormaja.com\/wordpress\/wordpress\/files-down\/5305\/?tmstv=1776444303\" rel=\"nofollow\" id=\"download-link-5305\" data-redirect=\"false\" >\n\tDeclaraci\u00f3n de prestaciones M-5 Gris<\/a>\n;<\/p>\n<a  data-e-Disable-Page-Transition=\"true\" class=\"download-link\" title=\"Versi\u00f3n 1\" href=\"https:\/\/www.hormaja.com\/wordpress\/wordpress\/files-down\/5271\/?tmstv=1776444303\" rel=\"nofollow\" id=\"download-link-5271\" data-redirect=\"false\" >\n\tDeclaraci\u00f3n de prestaciones M-7,5 Gris<\/a>\n;<\/p>\n<a  data-e-Disable-Page-Transition=\"true\" class=\"download-link\" title=\"Versi\u00f3n 1\" href=\"https:\/\/www.hormaja.com\/wordpress\/wordpress\/files-down\/5307\/?tmstv=1776444303\" rel=\"nofollow\" id=\"download-link-5307\" data-redirect=\"false\" >\n\tDeclaraci\u00f3n de prestaciones M-5 Blanco<\/a>\n;<\/p><\/div> <\/div> <\/div><\/div><\/div><\/div><\/div><\/div><\/div><div class=\"w-tabs-section\" id=\"1490002125976-060d1071-bdbc\"><a href=\"#1490002125976-060d1071-bdbc\" class=\"w-tabs-section-header\"><div class=\"w-tabs-section-header-h\"><h5 class=\"w-tabs-section-title\">Planta de Vic\u00e1lvaro<\/h5><div class=\"w-tabs-section-control\"><\/div><\/div><\/a><div class=\"w-tabs-section-content\"><div class=\"w-tabs-section-content-h i-cf\"><div class=\"g-cols wpb_row type_default vc_inner \"><div class=\"vc_col-sm-3 wpb_column vc_column_container\"><div class=\"vc_column-inner\"><div class=\"wpb_wrapper\">[vc_empty_space]<\/div><\/div><\/div><div class=\"vc_col-sm-9 wpb_column vc_column_container\"><div class=\"vc_column-inner\"><div class=\"wpb_wrapper\"><div class=\"wpb_text_column \"><div class=\"wpb_wrapper\"><p><a  data-e-Disable-Page-Transition=\"true\" class=\"download-link\" title=\"\" href=\"https:\/\/www.hormaja.com\/wordpress\/wordpress\/files-down\/5420\/?tmstv=1776444303\" rel=\"nofollow\" id=\"download-link-5420\" data-redirect=\"false\" >\n\tDeclaraci\u00f3n de prestaciones M-5 Gris<\/a>\n;<\/p>\n<a  data-e-Disable-Page-Transition=\"true\" class=\"download-link\" title=\"\" href=\"https:\/\/www.hormaja.com\/wordpress\/wordpress\/files-down\/5423\/?tmstv=1776444303\" rel=\"nofollow\" id=\"download-link-5423\" data-redirect=\"false\" >\n\tDeclaraci\u00f3n de prestaciones M-7,5 Gris<\/a>\n;<\/p>\n<\/p><\/div> <\/div> <\/div><\/div><\/div><\/div><\/div><\/div><\/div><\/div><\/div><\/div><\/div><\/div><\/div><\/div><\/div><\/section>\n","protected":false},"excerpt":{"rendered":"[vc_custom_heading text=\"MORTERO\" font_container=\"tag:h2|font_size:80|text_align:center|line_height:1.1\" google_fonts=\"font_family:Lato%3A100%2C100italic%2C300%2C300italic%2Cregular%2Citalic%2C700%2C700italic%2C900%2C900italic|font_style:700%20bold%20regular%3A700%3Anormal\"][vc_custom_heading text=\"Fabricaci\u00f3n de morteros Madrid\" font_container=\"tag:h3|font_size:40|text_align:center|line_height:1.1\" google_fonts=\"font_family:Lato%3A100%2C100italic%2C300%2C300italic%2Cregular%2Citalic%2C700%2C700italic%2C900%2C900italic|font_style:100%20light%20regular%3A100%3Anormal\"] Hormigones Majadahonda tiene implantado un sistema de Gesti\u00f3n de Calidad Basado en la ISO 9001 as\u00ed como el marcado CE de los morteros de alba\u00f1iler\u00eda seg\u00fan la norma EN 998-2....","protected":false},"author":3,"featured_media":0,"parent":5130,"menu_order":0,"comment_status":"closed","ping_status":"closed","template":"","meta":{"footnotes":""},"class_list":["post-5220","page","type-page","status-publish","hentry"],"yoast_head":"<!-- This site is optimized with the Yoast SEO plugin v23.4 - https:\/\/yoast.com\/wordpress\/plugins\/seo\/ -->\n<title>Mortero industrial para obras y construcciones de alta calidad<\/title>\n<meta name=\"description\" content=\"Fabricaci\u00f3n de productos industriales y morteros para obras y construcci\u00f3n en nuestras plantas de Madrid. Gran variedad mortero al mejor precio.\" \/>\n<meta name=\"robots\" content=\"index, follow, max-snippet:-1, max-image-preview:large, max-video-preview:-1\" \/>\n<link rel=\"canonical\" href=\"https:\/\/www.hormaja.com\/wordpress\/productos-hormigon-morteros\/mortero-obras-construccion-madrid\/\" \/>\n<meta property=\"og:locale\" content=\"es_ES\" \/>\n<meta property=\"og:type\" content=\"article\" \/>\n<meta property=\"og:title\" content=\"Mortero industrial para obras y construcciones de alta calidad\" \/>\n<meta property=\"og:description\" content=\"Fabricaci\u00f3n de productos industriales y morteros para obras y construcci\u00f3n en nuestras plantas de Madrid. Gran variedad mortero al mejor precio.\" \/>\n<meta property=\"og:url\" content=\"https:\/\/www.hormaja.com\/wordpress\/productos-hormigon-morteros\/mortero-obras-construccion-madrid\/\" \/>\n<meta property=\"og:site_name\" content=\"hormaja.com\" \/>\n<meta property=\"article:modified_time\" content=\"2019-02-01T16:16:47+00:00\" \/>\n<meta name=\"twitter:card\" content=\"summary_large_image\" \/>\n<meta name=\"twitter:label1\" content=\"Tiempo de lectura\" \/>\n\t<meta name=\"twitter:data1\" content=\"3 minutos\" \/>\n<script type=\"application\/ld+json\" class=\"yoast-schema-graph\">{\"@context\":\"https:\/\/schema.org\",\"@graph\":[{\"@type\":\"WebPage\",\"@id\":\"https:\/\/www.hormaja.com\/wordpress\/productos-hormigon-morteros\/mortero-obras-construccion-madrid\/\",\"url\":\"https:\/\/www.hormaja.com\/wordpress\/productos-hormigon-morteros\/mortero-obras-construccion-madrid\/\",\"name\":\"Mortero industrial para obras y construcciones de alta calidad\",\"isPartOf\":{\"@id\":\"https:\/\/www.hormaja.com\/wordpress\/#website\"},\"datePublished\":\"2017-03-20T14:14:04+00:00\",\"dateModified\":\"2019-02-01T16:16:47+00:00\",\"description\":\"Fabricaci\u00f3n de productos industriales y morteros para obras y construcci\u00f3n en nuestras plantas de Madrid. Gran variedad mortero al mejor precio.\",\"breadcrumb\":{\"@id\":\"https:\/\/www.hormaja.com\/wordpress\/productos-hormigon-morteros\/mortero-obras-construccion-madrid\/#breadcrumb\"},\"inLanguage\":\"es\",\"potentialAction\":[{\"@type\":\"ReadAction\",\"target\":[\"https:\/\/www.hormaja.com\/wordpress\/productos-hormigon-morteros\/mortero-obras-construccion-madrid\/\"]}]},{\"@type\":\"BreadcrumbList\",\"@id\":\"https:\/\/www.hormaja.com\/wordpress\/productos-hormigon-morteros\/mortero-obras-construccion-madrid\/#breadcrumb\",\"itemListElement\":[{\"@type\":\"ListItem\",\"position\":1,\"name\":\"Portada\",\"item\":\"https:\/\/www.hormaja.com\/wordpress\/\"},{\"@type\":\"ListItem\",\"position\":2,\"name\":\"productos hormigon morteros\",\"item\":\"https:\/\/www.hormaja.com\/wordpress\/productos-hormigon-morteros\/\"},{\"@type\":\"ListItem\",\"position\":3,\"name\":\"mortero obras construccion Madrid\"}]},{\"@type\":\"WebSite\",\"@id\":\"https:\/\/www.hormaja.com\/wordpress\/#website\",\"url\":\"https:\/\/www.hormaja.com\/wordpress\/\",\"name\":\"hormaja.com\",\"description\":\"Hormigones y Cementos\",\"publisher\":{\"@id\":\"https:\/\/www.hormaja.com\/wordpress\/#organization\"},\"potentialAction\":[{\"@type\":\"SearchAction\",\"target\":{\"@type\":\"EntryPoint\",\"urlTemplate\":\"https:\/\/www.hormaja.com\/wordpress\/?s={search_term_string}\"},\"query-input\":{\"@type\":\"PropertyValueSpecification\",\"valueRequired\":true,\"valueName\":\"search_term_string\"}}],\"inLanguage\":\"es\"},{\"@type\":\"Organization\",\"@id\":\"https:\/\/www.hormaja.com\/wordpress\/#organization\",\"name\":\"Hormigones Majadahonda S.A.\",\"url\":\"https:\/\/www.hormaja.com\/wordpress\/\",\"logo\":{\"@type\":\"ImageObject\",\"inLanguage\":\"es\",\"@id\":\"https:\/\/www.hormaja.com\/wordpress\/#\/schema\/logo\/image\/\",\"url\":\"http:\/\/hormaja.com\/wordpress\/wp-content\/uploads\/2017\/09\/Logo-Hormaja-800v4.png\",\"contentUrl\":\"http:\/\/hormaja.com\/wordpress\/wp-content\/uploads\/2017\/09\/Logo-Hormaja-800v4.png\",\"width\":320,\"height\":173,\"caption\":\"Hormigones Majadahonda S.A.\"},\"image\":{\"@id\":\"https:\/\/www.hormaja.com\/wordpress\/#\/schema\/logo\/image\/\"}}]}<\/script>\n<!-- \/ Yoast SEO plugin. -->","yoast_head_json":{"title":"Mortero industrial para obras y construcciones de alta calidad","description":"Fabricaci\u00f3n de productos industriales y morteros para obras y construcci\u00f3n en nuestras plantas de Madrid. Gran variedad mortero al mejor precio.","robots":{"index":"index","follow":"follow","max-snippet":"max-snippet:-1","max-image-preview":"max-image-preview:large","max-video-preview":"max-video-preview:-1"},"canonical":"https:\/\/www.hormaja.com\/wordpress\/productos-hormigon-morteros\/mortero-obras-construccion-madrid\/","og_locale":"es_ES","og_type":"article","og_title":"Mortero industrial para obras y construcciones de alta calidad","og_description":"Fabricaci\u00f3n de productos industriales y morteros para obras y construcci\u00f3n en nuestras plantas de Madrid. Gran variedad mortero al mejor precio.","og_url":"https:\/\/www.hormaja.com\/wordpress\/productos-hormigon-morteros\/mortero-obras-construccion-madrid\/","og_site_name":"hormaja.com","article_modified_time":"2019-02-01T16:16:47+00:00","twitter_card":"summary_large_image","twitter_misc":{"Tiempo de lectura":"3 minutos"},"schema":{"@context":"https:\/\/schema.org","@graph":[{"@type":"WebPage","@id":"https:\/\/www.hormaja.com\/wordpress\/productos-hormigon-morteros\/mortero-obras-construccion-madrid\/","url":"https:\/\/www.hormaja.com\/wordpress\/productos-hormigon-morteros\/mortero-obras-construccion-madrid\/","name":"Mortero industrial para obras y construcciones de alta calidad","isPartOf":{"@id":"https:\/\/www.hormaja.com\/wordpress\/#website"},"datePublished":"2017-03-20T14:14:04+00:00","dateModified":"2019-02-01T16:16:47+00:00","description":"Fabricaci\u00f3n de productos industriales y morteros para obras y construcci\u00f3n en nuestras plantas de Madrid. Gran variedad mortero al mejor precio.","breadcrumb":{"@id":"https:\/\/www.hormaja.com\/wordpress\/productos-hormigon-morteros\/mortero-obras-construccion-madrid\/#breadcrumb"},"inLanguage":"es","potentialAction":[{"@type":"ReadAction","target":["https:\/\/www.hormaja.com\/wordpress\/productos-hormigon-morteros\/mortero-obras-construccion-madrid\/"]}]},{"@type":"BreadcrumbList","@id":"https:\/\/www.hormaja.com\/wordpress\/productos-hormigon-morteros\/mortero-obras-construccion-madrid\/#breadcrumb","itemListElement":[{"@type":"ListItem","position":1,"name":"Portada","item":"https:\/\/www.hormaja.com\/wordpress\/"},{"@type":"ListItem","position":2,"name":"productos hormigon morteros","item":"https:\/\/www.hormaja.com\/wordpress\/productos-hormigon-morteros\/"},{"@type":"ListItem","position":3,"name":"mortero obras construccion Madrid"}]},{"@type":"WebSite","@id":"https:\/\/www.hormaja.com\/wordpress\/#website","url":"https:\/\/www.hormaja.com\/wordpress\/","name":"hormaja.com","description":"Hormigones y Cementos","publisher":{"@id":"https:\/\/www.hormaja.com\/wordpress\/#organization"},"potentialAction":[{"@type":"SearchAction","target":{"@type":"EntryPoint","urlTemplate":"https:\/\/www.hormaja.com\/wordpress\/?s={search_term_string}"},"query-input":{"@type":"PropertyValueSpecification","valueRequired":true,"valueName":"search_term_string"}}],"inLanguage":"es"},{"@type":"Organization","@id":"https:\/\/www.hormaja.com\/wordpress\/#organization","name":"Hormigones Majadahonda S.A.","url":"https:\/\/www.hormaja.com\/wordpress\/","logo":{"@type":"ImageObject","inLanguage":"es","@id":"https:\/\/www.hormaja.com\/wordpress\/#\/schema\/logo\/image\/","url":"http:\/\/hormaja.com\/wordpress\/wp-content\/uploads\/2017\/09\/Logo-Hormaja-800v4.png","contentUrl":"http:\/\/hormaja.com\/wordpress\/wp-content\/uploads\/2017\/09\/Logo-Hormaja-800v4.png","width":320,"height":173,"caption":"Hormigones Majadahonda S.A."},"image":{"@id":"https:\/\/www.hormaja.com\/wordpress\/#\/schema\/logo\/image\/"}}]}},"_links":{"self":[{"href":"https:\/\/www.hormaja.com\/wordpress\/wp-json\/wp\/v2\/pages\/5220"}],"collection":[{"href":"https:\/\/www.hormaja.com\/wordpress\/wp-json\/wp\/v2\/pages"}],"about":[{"href":"https:\/\/www.hormaja.com\/wordpress\/wp-json\/wp\/v2\/types\/page"}],"author":[{"embeddable":true,"href":"https:\/\/www.hormaja.com\/wordpress\/wp-json\/wp\/v2\/users\/3"}],"replies":[{"embeddable":true,"href":"https:\/\/www.hormaja.com\/wordpress\/wp-json\/wp\/v2\/comments?post=5220"}],"version-history":[{"count":40,"href":"https:\/\/www.hormaja.com\/wordpress\/wp-json\/wp\/v2\/pages\/5220\/revisions"}],"predecessor-version":[{"id":5515,"href":"https:\/\/www.hormaja.com\/wordpress\/wp-json\/wp\/v2\/pages\/5220\/revisions\/5515"}],"up":[{"embeddable":true,"href":"https:\/\/www.hormaja.com\/wordpress\/wp-json\/wp\/v2\/pages\/5130"}],"wp:attachment":[{"href":"https:\/\/www.hormaja.com\/wordpress\/wp-json\/wp\/v2\/media?parent=5220"}],"curies":[{"name":"wp","href":"https:\/\/api.w.org\/{rel}","templated":true}]}}