{"id":5243,"date":"2017-03-20T15:18:05","date_gmt":"2017-03-20T14:18:05","guid":{"rendered":"http:\/\/hormaja.com\/?page_id=5243"},"modified":"2018-06-02T14:35:02","modified_gmt":"2018-06-02T13:35:02","slug":"productos-innovadores-de-hormigon-y-mortero","status":"publish","type":"page","link":"https:\/\/www.hormaja.com\/wordpress\/productos-hormigon-morteros\/productos-innovadores-de-hormigon-y-mortero\/","title":{"rendered":"Productos innovadores de hormig\u00f3n y mortero"},"content":{"rendered":"<section class=\"l-section wpb_row height_medium width_full color_secondary with_img parallax_ver with_overlay\" id=\"produtosespeciales\" style=\"padding-bottom: 70px !important;\"><div class=\"l-section-img\" style=\"background-image: url(https:\/\/www.hormaja.com\/wordpress\/wp-content\/uploads\/2015\/05\/factory-1593842_1920.jpg);\" data-img-width=\"1920\" data-img-height=\"1285\"><\/div><div class=\"l-section-overlay\" style=\"background-color: rgba(0,0,0,0.6)\"><\/div><div class=\"l-section-h i-cf\"><div class=\"g-cols type_default\"><div class=\"vc_col-sm-12 wpb_column vc_column_container align_center\"><div class=\"vc_column-inner\"><div class=\"wpb_wrapper\">[vc_custom_heading text=&#8221;PRODUCTOS ESPECIALES&#8221; font_container=&#8221;tag:h2|font_size:80|text_align:center|line_height:1.1&#8243; google_fonts=&#8221;font_family:Lato%3A100%2C100italic%2C300%2C300italic%2Cregular%2Citalic%2C700%2C700italic%2C900%2C900italic|font_style:700%20bold%20regular%3A700%3Anormal&#8221;][vc_custom_heading text=&#8221;Fabricaci\u00f3n de hormigones y morteros innovadores Madrid&#8221; font_container=&#8221;tag:h3|font_size:40|text_align:center|line_height:1.1&#8243; google_fonts=&#8221;font_family:Lato%3A100%2C100italic%2C300%2C300italic%2Cregular%2Citalic%2C700%2C700italic%2C900%2C900italic|font_style:100%20light%20regular%3A100%3Anormal&#8221;]<\/div><\/div><\/div><\/div><\/div><\/section><section class=\"l-section wpb_row height_auto\"><div class=\"l-section-h i-cf\"><div class=\"g-cols type_default\"><div class=\"vc_col-sm-12 wpb_column vc_column_container animate_afb\"><div class=\"vc_column-inner\"><div class=\"wpb_wrapper\"><div class=\"w-separator type_invisible size_medium thick_1 style_solid color_border cont_none\"><span class=\"w-separator-h\"><\/span><\/div><div class=\"wpb_text_column \"><div class=\"wpb_wrapper\">\n<div style=\"font-size: 18px; text-align: justify;\">\n<p>Hormigones Majadahonda fabrica una gran variedad de productos especiales para los m\u00e1s diversos usos (hormigones desactivados, porosos, proyectado, morteros autonivelantes, etc..).<\/p>\n<p>Posee un departamento de T\u00e9cnico, con amplia experiencia en el sector, con un af\u00e1n permanente de mejora e investigaci\u00f3n para poder ofrecer a sus clientes productos innovadores que se ajusten a sus necesidades constructivas.<\/p>\n<\/div>\n<\/div> <\/div> <\/div><\/div><\/div><\/div><\/div><\/section><section class=\"l-section wpb_row height_medium\"><div class=\"l-section-h i-cf\"><div class=\"g-cols type_default\"><div class=\"vc_col-sm-12 wpb_column vc_column_container\"><div class=\"vc_column-inner\"><div class=\"wpb_wrapper\"><div class=\"wpb_text_column \"><div class=\"wpb_wrapper\">\n<h3 style=\"text-align: center;\"><em><strong>Productos especiales industriales<\/strong><\/em><\/h3>\n<\/div> <\/div> <div class=\"w-separator type_short size_medium thick_2 style_solid color_border cont_icon\"><span class=\"w-separator-h\"><i class=\"fa fa-chevron-down\"><\/i><\/span><\/div><div class=\"g-cols wpb_row type_default vc_inner \"><div class=\"vc_col-sm-4 wpb_column vc_column_container animate_afl\"><div class=\"vc_column-inner\"><div class=\"wpb_wrapper\"><div class=\"w-iconbox iconpos_top style_outlined color_primary\"><div class=\"w-iconbox-icon\" style=\"font-size:28px;\"><i class=\"fa fa-linode\"><\/i><\/div><h2 class=\"w-iconbox-title\" style=\"font-size:25px\"><strong>Hormigones Desactivados<\/strong><\/h2><div class=\"w-iconbox-text\">Se trata de hormigones con una gran calidad de acabados, personalizables en funci\u00f3n de las necesidades y terminaciones est\u00e9ticas, ideales para zonas de paso en las que se desee un terminado de grava.<\/div><\/div><div class=\"w-separator type_invisible size_medium thick_1 style_solid color_border cont_none\"><span class=\"w-separator-h\"><\/span><\/div><\/div><\/div><\/div><div class=\"vc_col-sm-4 wpb_column vc_column_container animate_aft\"><div class=\"vc_column-inner\"><div class=\"wpb_wrapper\"><div class=\"w-iconbox iconpos_top style_outlined color_primary\"><div class=\"w-iconbox-icon\" style=\"font-size:28px;\"><i class=\"fa fa-cube\"><\/i><\/div><h2 class=\"w-iconbox-title\" style=\"font-size:25px\"><strong>Hormigones Porosos<\/strong><\/h2><div class=\"w-iconbox-text\">Hormigones con altos grados de capacidad drenante. Existen multitud de productos en funci\u00f3n de las necesidades de porosidad. Utilizados para caminos, pistas de padel, capas drenantes de carreteras, etc\u2026<\/div><\/div><div class=\"w-separator type_invisible size_medium thick_1 style_solid color_border cont_none\"><span class=\"w-separator-h\"><\/span><\/div><\/div><\/div><\/div><div class=\"vc_col-sm-4 wpb_column vc_column_container animate_afr\"><div class=\"vc_column-inner\"><div class=\"wpb_wrapper\"><div class=\"w-iconbox iconpos_top style_outlined color_primary\"><div class=\"w-iconbox-icon\" style=\"font-size:28px;\"><i class=\"fa fa-road\"><\/i><\/div><h2 class=\"w-iconbox-title\" style=\"font-size:25px\"><strong>Morteros Autonivelantes<\/strong><\/h2><div class=\"w-iconbox-text\">Morteros con unos acabados de gran calidad con una r\u00e1pida puesta en obra. Utilizados para recrecidos de pavimentos, base de diversos tipos de suelos, etc..<br \/>\nProporcionan un gran acabado est\u00e9tico sin necesidad de vibrarlo y con una gran fluidez que asegura el perfecto relleno del elemento.<\/div><\/div><div class=\"w-separator type_invisible size_medium thick_1 style_solid color_border cont_none\"><span class=\"w-separator-h\"><\/span><\/div><\/div><\/div><\/div><\/div><div class=\"g-cols wpb_row type_default vc_inner \"><div class=\"vc_col-sm-4 wpb_column vc_column_container animate_afl\"><div class=\"vc_column-inner\"><div class=\"wpb_wrapper\"><div class=\"w-iconbox iconpos_top style_outlined color_primary\"><div class=\"w-iconbox-icon\" style=\"font-size:28px;\"><i class=\"material-icons\">business<\/i><\/div><h2 class=\"w-iconbox-title\" style=\"font-size:25px\"><strong>Hormigones Ligeros<\/strong><\/h2><div class=\"w-iconbox-text\">Hormigones de baja densidad elaborados con \u00e1ridos ligeros, utilizados para aligerar estructuras con importantes propiedades como aislante t\u00e9rmico. Se pueden emplear como hormigones estructurales, en cubiertas, para recrecidos, etc<br \/>\nLa densidad m\u00ednima que se pueden conseguir es 800 kg\/m\u00b3 y en elementos estructurales de 1.500 kg\/m\u00b3<\/div><\/div><div class=\"w-separator type_invisible size_medium thick_1 style_solid color_border cont_none\"><span class=\"w-separator-h\"><\/span><\/div><\/div><\/div><\/div><div class=\"vc_col-sm-4 wpb_column vc_column_container animate_afc\"><div class=\"vc_column-inner\"><div class=\"wpb_wrapper\"><div class=\"w-iconbox iconpos_top style_outlined color_primary\"><div class=\"w-iconbox-icon\" style=\"font-size:28px;\"><i class=\"fa fa-cubes\"><\/i><\/div><h2 class=\"w-iconbox-title\" style=\"font-size:25px\"><strong>Hormigones Cemento Blanco<\/strong><\/h2><div class=\"w-iconbox-text\">Elaboraci\u00f3n de todo tipo de elementos de hormig\u00f3n con un elevado nivel est\u00e9tico y de acabado. Se pueden emplear en elementos estructurales con una gran variedad de posibilidades en cuanto a resistencias mec\u00e1nicas, consistencias, tipos de \u00e1ridos, etc. Igualmente se pueden emplear en la elaboraci\u00f3n de pavimentos arquitect\u00f3nicos como desactivados, semi-pulidos o impresos.<\/div><\/div><div class=\"w-separator type_invisible size_medium thick_1 style_solid color_border cont_none\"><span class=\"w-separator-h\"><\/span><\/div><\/div><\/div><\/div><div class=\"vc_col-sm-4 wpb_column vc_column_container animate_afr\"><div class=\"vc_column-inner\"><div class=\"wpb_wrapper\"><div class=\"w-iconbox iconpos_top style_outlined color_primary\"><div class=\"w-iconbox-icon\" style=\"font-size:28px;\"><i class=\"material-icons\">transform<\/i><\/div><h2 class=\"w-iconbox-title\" style=\"font-size:25px\"><strong>Hormigones con Fibras<\/strong><\/h2><div class=\"w-iconbox-text\">Hormigones reforzados con fibras, tanto de polipropileno como met\u00e1licas. Con una multitud de funciones en funci\u00f3n del tipo de fibra empleado, como sustituto de refuerzos de acero, eliminaci\u00f3n de fisuras por retracci\u00f3n, aumento de resistencia al impacto, mejora del comportamiento del hormig\u00f3n ante el fuego, etc.<\/div><\/div><div class=\"w-separator type_invisible size_medium thick_1 style_solid color_border cont_none\"><span class=\"w-separator-h\"><\/span><\/div><\/div><\/div><\/div><\/div><div class=\"g-cols wpb_row type_default vc_inner \"><div class=\"vc_col-sm-4 wpb_column vc_column_container animate_afb\"><div class=\"vc_column-inner\"><div class=\"wpb_wrapper\">[vc_empty_space]<\/div><\/div><\/div><div class=\"vc_col-sm-4 wpb_column vc_column_container animate_afb\"><div class=\"vc_column-inner\"><div class=\"wpb_wrapper\"><div class=\"w-iconbox iconpos_top style_outlined color_primary\"><div class=\"w-iconbox-icon\" style=\"font-size:28px;\"><i class=\"material-icons\">settings_input_svideo<\/i><\/div><h2 class=\"w-iconbox-title\" style=\"font-size:25px\"><strong>Morteros de Relleno<\/strong><\/h2><div class=\"w-iconbox-text\">Morteros fluidos de baja densidad empleado para el relleno de todo tipo de elementos tales como dep\u00f3sitos, tuber\u00edas, zanjas, pozos, etc.<br \/>\nSu alta fluidez le permite rellenar perfectamente todos los huecos del elemento o hueco a hormigonar y por su baja resistencia permite que sea f\u00e1cilmente eliminable en los casos en los que sea necesario.<br \/>\n<\/div><\/div><div class=\"w-separator type_invisible size_medium thick_1 style_solid color_border cont_none\"><span class=\"w-separator-h\"><\/span><\/div><\/div><\/div><\/div><div class=\"vc_col-sm-4 wpb_column vc_column_container\"><div class=\"vc_column-inner\"><div class=\"wpb_wrapper\">[vc_empty_space]<\/div><\/div><\/div><\/div><\/div><\/div><\/div><\/div><\/div><\/section>\n","protected":false},"excerpt":{"rendered":"[vc_custom_heading text=\"PRODUCTOS ESPECIALES\" font_container=\"tag:h2|font_size:80|text_align:center|line_height:1.1\" google_fonts=\"font_family:Lato%3A100%2C100italic%2C300%2C300italic%2Cregular%2Citalic%2C700%2C700italic%2C900%2C900italic|font_style:700%20bold%20regular%3A700%3Anormal\"][vc_custom_heading text=\"Fabricaci\u00f3n de hormigones y morteros innovadores Madrid\" font_container=\"tag:h3|font_size:40|text_align:center|line_height:1.1\" google_fonts=\"font_family:Lato%3A100%2C100italic%2C300%2C300italic%2Cregular%2Citalic%2C700%2C700italic%2C900%2C900italic|font_style:100%20light%20regular%3A100%3Anormal\"] Hormigones Majadahonda fabrica una gran variedad de productos especiales para los m\u00e1s diversos usos (hormigones desactivados, porosos, proyectado, morteros autonivelantes, etc..). Posee un departamento de T\u00e9cnico,...","protected":false},"author":3,"featured_media":0,"parent":5130,"menu_order":0,"comment_status":"closed","ping_status":"closed","template":"","meta":{"footnotes":""},"class_list":["post-5243","page","type-page","status-publish","hentry"],"yoast_head":"<!-- This site is optimized with the Yoast SEO plugin v23.4 - https:\/\/yoast.com\/wordpress\/plugins\/seo\/ -->\n<title>Productos Especiales para construcci\u00f3n. I+D Hormig\u00f3n y Mortero<\/title>\n<meta name=\"description\" content=\"Entra en Hormaja.com, fabricaci\u00f3n de hormigones y productos industriales especiales. Descubre nuestra secci\u00f3n de I+D en hormigones y morteros.\" \/>\n<meta name=\"robots\" content=\"index, follow, max-snippet:-1, max-image-preview:large, max-video-preview:-1\" \/>\n<link rel=\"canonical\" href=\"https:\/\/www.hormaja.com\/wordpress\/productos-hormigon-morteros\/productos-innovadores-de-hormigon-y-mortero\/\" \/>\n<meta property=\"og:locale\" content=\"es_ES\" \/>\n<meta property=\"og:type\" content=\"article\" \/>\n<meta property=\"og:title\" content=\"Productos Especiales para construcci\u00f3n. I+D Hormig\u00f3n y Mortero\" \/>\n<meta property=\"og:description\" content=\"Entra en Hormaja.com, fabricaci\u00f3n de hormigones y productos industriales especiales. Descubre nuestra secci\u00f3n de I+D en hormigones y morteros.\" \/>\n<meta property=\"og:url\" content=\"https:\/\/www.hormaja.com\/wordpress\/productos-hormigon-morteros\/productos-innovadores-de-hormigon-y-mortero\/\" \/>\n<meta property=\"og:site_name\" content=\"hormaja.com\" \/>\n<meta property=\"article:modified_time\" content=\"2018-06-02T13:35:02+00:00\" \/>\n<meta name=\"twitter:card\" content=\"summary_large_image\" \/>\n<meta name=\"twitter:label1\" content=\"Tiempo de lectura\" \/>\n\t<meta name=\"twitter:data1\" content=\"4 minutos\" \/>\n<script type=\"application\/ld+json\" class=\"yoast-schema-graph\">{\"@context\":\"https:\/\/schema.org\",\"@graph\":[{\"@type\":\"WebPage\",\"@id\":\"https:\/\/www.hormaja.com\/wordpress\/productos-hormigon-morteros\/productos-innovadores-de-hormigon-y-mortero\/\",\"url\":\"https:\/\/www.hormaja.com\/wordpress\/productos-hormigon-morteros\/productos-innovadores-de-hormigon-y-mortero\/\",\"name\":\"Productos Especiales para construcci\u00f3n. I+D Hormig\u00f3n y Mortero\",\"isPartOf\":{\"@id\":\"https:\/\/www.hormaja.com\/wordpress\/#website\"},\"datePublished\":\"2017-03-20T14:18:05+00:00\",\"dateModified\":\"2018-06-02T13:35:02+00:00\",\"description\":\"Entra en Hormaja.com, fabricaci\u00f3n de hormigones y productos industriales especiales. Descubre nuestra secci\u00f3n de I+D en hormigones y morteros.\",\"breadcrumb\":{\"@id\":\"https:\/\/www.hormaja.com\/wordpress\/productos-hormigon-morteros\/productos-innovadores-de-hormigon-y-mortero\/#breadcrumb\"},\"inLanguage\":\"es\",\"potentialAction\":[{\"@type\":\"ReadAction\",\"target\":[\"https:\/\/www.hormaja.com\/wordpress\/productos-hormigon-morteros\/productos-innovadores-de-hormigon-y-mortero\/\"]}]},{\"@type\":\"BreadcrumbList\",\"@id\":\"https:\/\/www.hormaja.com\/wordpress\/productos-hormigon-morteros\/productos-innovadores-de-hormigon-y-mortero\/#breadcrumb\",\"itemListElement\":[{\"@type\":\"ListItem\",\"position\":1,\"name\":\"Portada\",\"item\":\"https:\/\/www.hormaja.com\/wordpress\/\"},{\"@type\":\"ListItem\",\"position\":2,\"name\":\"productos hormigon morteros\",\"item\":\"https:\/\/www.hormaja.com\/wordpress\/productos-hormigon-morteros\/\"},{\"@type\":\"ListItem\",\"position\":3,\"name\":\"Productos innovadores de hormig\u00f3n y mortero\"}]},{\"@type\":\"WebSite\",\"@id\":\"https:\/\/www.hormaja.com\/wordpress\/#website\",\"url\":\"https:\/\/www.hormaja.com\/wordpress\/\",\"name\":\"hormaja.com\",\"description\":\"Hormigones y Cementos\",\"publisher\":{\"@id\":\"https:\/\/www.hormaja.com\/wordpress\/#organization\"},\"potentialAction\":[{\"@type\":\"SearchAction\",\"target\":{\"@type\":\"EntryPoint\",\"urlTemplate\":\"https:\/\/www.hormaja.com\/wordpress\/?s={search_term_string}\"},\"query-input\":{\"@type\":\"PropertyValueSpecification\",\"valueRequired\":true,\"valueName\":\"search_term_string\"}}],\"inLanguage\":\"es\"},{\"@type\":\"Organization\",\"@id\":\"https:\/\/www.hormaja.com\/wordpress\/#organization\",\"name\":\"Hormigones Majadahonda S.A.\",\"url\":\"https:\/\/www.hormaja.com\/wordpress\/\",\"logo\":{\"@type\":\"ImageObject\",\"inLanguage\":\"es\",\"@id\":\"https:\/\/www.hormaja.com\/wordpress\/#\/schema\/logo\/image\/\",\"url\":\"http:\/\/hormaja.com\/wordpress\/wp-content\/uploads\/2017\/09\/Logo-Hormaja-800v4.png\",\"contentUrl\":\"http:\/\/hormaja.com\/wordpress\/wp-content\/uploads\/2017\/09\/Logo-Hormaja-800v4.png\",\"width\":320,\"height\":173,\"caption\":\"Hormigones Majadahonda S.A.\"},\"image\":{\"@id\":\"https:\/\/www.hormaja.com\/wordpress\/#\/schema\/logo\/image\/\"}}]}<\/script>\n<!-- \/ Yoast SEO plugin. -->","yoast_head_json":{"title":"Productos Especiales para construcci\u00f3n. I+D Hormig\u00f3n y Mortero","description":"Entra en Hormaja.com, fabricaci\u00f3n de hormigones y productos industriales especiales. Descubre nuestra secci\u00f3n de I+D en hormigones y morteros.","robots":{"index":"index","follow":"follow","max-snippet":"max-snippet:-1","max-image-preview":"max-image-preview:large","max-video-preview":"max-video-preview:-1"},"canonical":"https:\/\/www.hormaja.com\/wordpress\/productos-hormigon-morteros\/productos-innovadores-de-hormigon-y-mortero\/","og_locale":"es_ES","og_type":"article","og_title":"Productos Especiales para construcci\u00f3n. I+D Hormig\u00f3n y Mortero","og_description":"Entra en Hormaja.com, fabricaci\u00f3n de hormigones y productos industriales especiales. Descubre nuestra secci\u00f3n de I+D en hormigones y morteros.","og_url":"https:\/\/www.hormaja.com\/wordpress\/productos-hormigon-morteros\/productos-innovadores-de-hormigon-y-mortero\/","og_site_name":"hormaja.com","article_modified_time":"2018-06-02T13:35:02+00:00","twitter_card":"summary_large_image","twitter_misc":{"Tiempo de lectura":"4 minutos"},"schema":{"@context":"https:\/\/schema.org","@graph":[{"@type":"WebPage","@id":"https:\/\/www.hormaja.com\/wordpress\/productos-hormigon-morteros\/productos-innovadores-de-hormigon-y-mortero\/","url":"https:\/\/www.hormaja.com\/wordpress\/productos-hormigon-morteros\/productos-innovadores-de-hormigon-y-mortero\/","name":"Productos Especiales para construcci\u00f3n. I+D Hormig\u00f3n y Mortero","isPartOf":{"@id":"https:\/\/www.hormaja.com\/wordpress\/#website"},"datePublished":"2017-03-20T14:18:05+00:00","dateModified":"2018-06-02T13:35:02+00:00","description":"Entra en Hormaja.com, fabricaci\u00f3n de hormigones y productos industriales especiales. Descubre nuestra secci\u00f3n de I+D en hormigones y morteros.","breadcrumb":{"@id":"https:\/\/www.hormaja.com\/wordpress\/productos-hormigon-morteros\/productos-innovadores-de-hormigon-y-mortero\/#breadcrumb"},"inLanguage":"es","potentialAction":[{"@type":"ReadAction","target":["https:\/\/www.hormaja.com\/wordpress\/productos-hormigon-morteros\/productos-innovadores-de-hormigon-y-mortero\/"]}]},{"@type":"BreadcrumbList","@id":"https:\/\/www.hormaja.com\/wordpress\/productos-hormigon-morteros\/productos-innovadores-de-hormigon-y-mortero\/#breadcrumb","itemListElement":[{"@type":"ListItem","position":1,"name":"Portada","item":"https:\/\/www.hormaja.com\/wordpress\/"},{"@type":"ListItem","position":2,"name":"productos hormigon morteros","item":"https:\/\/www.hormaja.com\/wordpress\/productos-hormigon-morteros\/"},{"@type":"ListItem","position":3,"name":"Productos innovadores de hormig\u00f3n y mortero"}]},{"@type":"WebSite","@id":"https:\/\/www.hormaja.com\/wordpress\/#website","url":"https:\/\/www.hormaja.com\/wordpress\/","name":"hormaja.com","description":"Hormigones y Cementos","publisher":{"@id":"https:\/\/www.hormaja.com\/wordpress\/#organization"},"potentialAction":[{"@type":"SearchAction","target":{"@type":"EntryPoint","urlTemplate":"https:\/\/www.hormaja.com\/wordpress\/?s={search_term_string}"},"query-input":{"@type":"PropertyValueSpecification","valueRequired":true,"valueName":"search_term_string"}}],"inLanguage":"es"},{"@type":"Organization","@id":"https:\/\/www.hormaja.com\/wordpress\/#organization","name":"Hormigones Majadahonda S.A.","url":"https:\/\/www.hormaja.com\/wordpress\/","logo":{"@type":"ImageObject","inLanguage":"es","@id":"https:\/\/www.hormaja.com\/wordpress\/#\/schema\/logo\/image\/","url":"http:\/\/hormaja.com\/wordpress\/wp-content\/uploads\/2017\/09\/Logo-Hormaja-800v4.png","contentUrl":"http:\/\/hormaja.com\/wordpress\/wp-content\/uploads\/2017\/09\/Logo-Hormaja-800v4.png","width":320,"height":173,"caption":"Hormigones Majadahonda S.A."},"image":{"@id":"https:\/\/www.hormaja.com\/wordpress\/#\/schema\/logo\/image\/"}}]}},"_links":{"self":[{"href":"https:\/\/www.hormaja.com\/wordpress\/wp-json\/wp\/v2\/pages\/5243"}],"collection":[{"href":"https:\/\/www.hormaja.com\/wordpress\/wp-json\/wp\/v2\/pages"}],"about":[{"href":"https:\/\/www.hormaja.com\/wordpress\/wp-json\/wp\/v2\/types\/page"}],"author":[{"embeddable":true,"href":"https:\/\/www.hormaja.com\/wordpress\/wp-json\/wp\/v2\/users\/3"}],"replies":[{"embeddable":true,"href":"https:\/\/www.hormaja.com\/wordpress\/wp-json\/wp\/v2\/comments?post=5243"}],"version-history":[{"count":16,"href":"https:\/\/www.hormaja.com\/wordpress\/wp-json\/wp\/v2\/pages\/5243\/revisions"}],"predecessor-version":[{"id":5412,"href":"https:\/\/www.hormaja.com\/wordpress\/wp-json\/wp\/v2\/pages\/5243\/revisions\/5412"}],"up":[{"embeddable":true,"href":"https:\/\/www.hormaja.com\/wordpress\/wp-json\/wp\/v2\/pages\/5130"}],"wp:attachment":[{"href":"https:\/\/www.hormaja.com\/wordpress\/wp-json\/wp\/v2\/media?parent=5243"}],"curies":[{"name":"wp","href":"https:\/\/api.w.org\/{rel}","templated":true}]}}