{"id":5525,"date":"2020-01-16T21:47:57","date_gmt":"2020-01-16T20:47:57","guid":{"rendered":"http:\/\/hormaja.com\/?page_id=5525"},"modified":"2020-02-12T16:46:34","modified_gmt":"2020-02-12T15:46:34","slug":"politica-de-privacidad","status":"publish","type":"page","link":"https:\/\/www.hormaja.com\/wordpress\/politica-de-privacidad\/","title":{"rendered":"politica-de-privacidad"},"content":{"rendered":"<section class=\"l-section wpb_row height_medium width_full color_secondary with_img parallax_ver with_overlay\" id=\"hormigon\" style=\"padding-bottom: 70px !important;\"><div class=\"l-section-img\" style=\"background-image: url(https:\/\/www.hormaja.com\/wordpress\/wp-content\/uploads\/2015\/04\/cement-406822_1920.jpg);\" data-img-width=\"1920\" data-img-height=\"1280\"><\/div><div class=\"l-section-overlay\" style=\"background-color: rgba(0,0,0,0.6)\"><\/div><div class=\"l-section-h i-cf\"><div class=\"g-cols type_default\"><div class=\"vc_col-sm-12 wpb_column vc_column_container align_center\"><div class=\"vc_column-inner\"><div class=\"wpb_wrapper\">[vc_custom_heading text=&#8221;Pol\u00edtica de Privacidad&#8221; font_container=&#8221;tag:h2|font_size:80|text_align:center|line_height:1.1&#8243; google_fonts=&#8221;font_family:Lato%3A100%2C100italic%2C300%2C300italic%2Cregular%2Citalic%2C700%2C700italic%2C900%2C900italic|font_style:700%20bold%20regular%3A700%3Anormal&#8221;]<\/div><\/div><\/div><\/div><\/div><\/section><section class=\"l-section wpb_row height_auto\"><div class=\"l-section-h i-cf\"><div class=\"g-cols type_default valign_middle\"><div class=\"vc_col-sm-12 wpb_column vc_column_container animate_afb\"><div class=\"vc_column-inner\"><div class=\"wpb_wrapper\"><div class=\"w-separator type_invisible size_medium thick_1 style_solid color_border cont_none\"><span class=\"w-separator-h\"><\/span><\/div><div class=\"wpb_text_column \"><div class=\"wpb_wrapper\">\n<p style=\"text-align: center;\">El objetivo de esta\u00a0pol\u00edtica es informar a los interesados acerca de los distintos tratamientos realizados por esta organizaci\u00f3n mediante la p\u00e1gina web y que afecten a sus datos personales de conformidad con lo establecido en la Ley Org\u00e1nica 3\/2018, de 5 de diciembre, de Protecci\u00f3n de Datos Personales y garant\u00eda de los derechos digitales y el Reglamento (UE) 2016\/679 del Parlamento Europeo y del Consejo de 27 de abril de 2016.<\/p>\n<\/div> <\/div> <\/div><\/div><\/div><\/div><\/div><\/section><section class=\"l-section wpb_row height_medium\"><div class=\"l-section-h i-cf\"><div class=\"g-cols type_default\"><div class=\"vc_col-sm-12 wpb_column vc_column_container\"><div class=\"vc_column-inner\"><div class=\"wpb_wrapper\"><div class=\"w-separator type_default size_medium thick_1 style_solid color_border cont_none\"><span class=\"w-separator-h\"><\/span><\/div><div class=\"wpb_text_column \"><div class=\"wpb_wrapper\"><strong>1. IDENTIFICACI\u00d3N Y DATOS DE CONTACTO DEL RESPONSABLE.<\/strong><\/div> <\/div> <div class=\"w-separator type_invisible size_medium thick_1 style_solid color_border cont_none\"><span class=\"w-separator-h\"><\/span><\/div><div class=\"wpb_text_column \"><div class=\"wpb_wrapper\"><p>Usted est\u00e1 visitando la p\u00e1gina web <a href=\"http:\/\/hormaja.com\">http:\/\/hormaja.com<\/a> titularidad de HORMIGONES MAJADAHONDA II S.A , con domicilio social en C\/ PUERTO DE LOS LEONES\u00a0 N.\u00ba 1\u00a0 3\u00aa planta \u00a0oficina 313 CP 28221 MAJADAHONDA -MADRID (28221 MAJADAHONDA) MADRID, con N.I.F. A82250713, inscrita en el Registro Mercantil de Madrid, en el tomo 13.918 Folio 8, Hoja M-227879, en adelante EL TITULAR.<\/p><\/div> <\/div> <div class=\"w-separator type_default size_medium thick_1 style_solid color_border cont_none\"><span class=\"w-separator-h\"><\/span><\/div><div class=\"wpb_text_column \"><div class=\"wpb_wrapper\"><strong>2. FINALIDADES DEL TRATAMIENTO DE SUS DATOS PERSONALES. <\/strong><\/div> <\/div> <div class=\"w-separator type_invisible size_medium thick_1 style_solid color_border cont_none\"><span class=\"w-separator-h\"><\/span><\/div><div class=\"wpb_text_column \"><div class=\"wpb_wrapper\">\n<ul>\n<li><strong>USUARIOS\/NAVEGANTES DE LA P\u00c1GINA WEB DEL RESPONSABLE. <\/strong><\/li>\n<\/ul>\n<p>Trataremos sus datos de car\u00e1cter personal facilitados a trav\u00e9s de nuestros formularios web para:<\/p>\n<ul>\n<li>Atender a las solicitudes, quejas e incidencias trasladadas a trav\u00e9s de nuestros canales de contacto incorporados en la p\u00e1gina web.<\/li>\n<li>Entender el comportamiento del navegante dentro de la web con el fin de detectar posibles ataques inform\u00e1ticos a nuestra web.<\/li>\n<li>Cumplir con las obligaciones legales que nos resulten directamente aplicables y regulen nuestra actividad.<\/li>\n<li>Para proteger y ejercer nuestros derechos o responder ante reclamaciones de cualquier \u00edndole.<\/li>\n<li>En su caso, env\u00edo de comunicaciones comerciales relativas a los bienes o servicios que conforman nuestra actividad., y\/o noticias o boletines relacionados con nuestro sector.<\/li>\n<\/ul>\n<\/div> <\/div> <div class=\"w-separator type_default size_medium thick_1 style_solid color_border cont_none\"><span class=\"w-separator-h\"><\/span><\/div><div class=\"wpb_text_column \"><div class=\"wpb_wrapper\"><strong>3.\u00a0<\/strong><strong>BASE JUR\u00cdDICA DEL TRATAMIENTO. <\/strong><\/div> <\/div> <div class=\"w-separator type_invisible size_medium thick_1 style_solid color_border cont_none\"><span class=\"w-separator-h\"><\/span><\/div><div class=\"wpb_text_column \"><div class=\"wpb_wrapper\">\n<ul>\n<li><strong>USUARIOS\/NAVEGANTES EN LA P\u00c1GINA WEB DEL RESPONSABLE.<\/strong> En el consentimiento que nos has prestado para tratar tus datos con las finalidades indicadas.<em> La negativa a facilitar sus datos personales conllevara la imposibilidad de tratar sus datos con las finalidades mencionadas.<\/em><\/li>\n<li>Para cumplir con las obligaciones legales que se nos aplican. <em>En este caso, el interesado no podr\u00e1 negarse al tratamiento de los datos personales<\/em><strong>.<\/strong><\/li>\n<li>En nuestro inter\u00e9s leg\u00edtimo de proteger nuestra imagen, negocio y trayectoria evitando ataques a nuestra p\u00e1gina web. <em>En este caso, el interesado no podr\u00e1 negarse al tratamiento de los datos personales<\/em><strong>, <\/strong><em>aunque podr\u00e1 ejercer, en su caso, los derechos reconocidos en el apartado octavos de la presente pol\u00edtica<\/em><\/li>\n<\/ul>\n<\/div> <\/div> <div class=\"w-separator type_default size_medium thick_1 style_solid color_border cont_none\"><span class=\"w-separator-h\"><\/span><\/div><div class=\"wpb_text_column \"><div class=\"wpb_wrapper\"><strong>4.\u00a0<\/strong><strong>PLAZOS O CRITERIOS DE CONSERVACI\u00d3N DE LOS DATOS.<\/strong><\/div> <\/div> <div class=\"w-separator type_invisible size_medium thick_1 style_solid color_border cont_none\"><span class=\"w-separator-h\"><\/span><\/div><div class=\"wpb_text_column \"><div class=\"wpb_wrapper\"><p>Los datos personales proporcionados se conservar\u00e1n durante el tiempo necesario para cumplir con las finalidades para los que fueron recopilados inicialmente.<\/p>\n<p>Una vez que los datos dejen de ser necesarios para el tratamiento en cuesti\u00f3n, estos se mantendr\u00e1n debidamente bloqueados para, en su caso, ponerlos a disposici\u00f3n de las Administraciones y Organismos P\u00fablicas competentes, Jueces y Tribunales o el Ministerio Fiscal, de acuerdo al durante el plazo de prescripci\u00f3n de las acciones que pudieran derivarse de la relaci\u00f3n mantenida con el cliente y\/o los plazos de conservaci\u00f3n previstos legalmente.<\/p>\n<p><em><u>Periodo de bloqueo de los datos: <\/u><\/em><\/p>\n<ul>\n<li><strong>EL C\u00d3DIGO CIVIL.<\/strong> Entre 5 o 15 a\u00f1os seg\u00fan el caso, atendiendo a lo dispuesto en el art\u00edculo 1964.2 del cuerpo legal mencionado.<\/li>\n<\/ul>\n<\/p><\/div> <\/div> <div class=\"w-separator type_default size_medium thick_1 style_solid color_border cont_none\"><span class=\"w-separator-h\"><\/span><\/div><div class=\"wpb_text_column \"><div class=\"wpb_wrapper\"><strong>5.\u00a0<\/strong><strong>DECISIONES AUTOMATIZADAS Y ELABORACI\u00d3N DE PERFILES. <\/strong><\/div> <\/div> <div class=\"w-separator type_invisible size_medium thick_1 style_solid color_border cont_none\"><span class=\"w-separator-h\"><\/span><\/div><div class=\"wpb_text_column \"><div class=\"wpb_wrapper\"><p>La p\u00e1gina web no toma decisiones automatizadas ni elabora perfiles.<\/p><\/div> <\/div> <div class=\"w-separator type_default size_medium thick_1 style_solid color_border cont_none\"><span class=\"w-separator-h\"><\/span><\/div><div class=\"wpb_text_column \"><div class=\"wpb_wrapper\"><strong>6. DESTINATARIOS.<\/strong><\/div> <\/div> <div class=\"w-separator type_invisible size_medium thick_1 style_solid color_border cont_none\"><span class=\"w-separator-h\"><\/span><\/div><div class=\"wpb_text_column \"><div class=\"wpb_wrapper\"><p>Durante el periodo de duraci\u00f3n del tratamiento de sus datos personales, organizaci\u00f3n podr\u00e1 ceder sus datos a los siguientes destinatarios:<\/p>\n<ul>\n<li>Jueces y Tribunales.<\/li>\n<li>Fuerzas y Cuerpos de Seguridad del Estado.<\/li>\n<li>Otras autoridades u organismos p\u00fablicos competentes, cuando el responsable tenga la obligaci\u00f3n legal de facilitar los datos personales.<\/li>\n<\/ul>\n<\/p><\/div> <\/div> <div class=\"w-separator type_default size_medium thick_1 style_solid color_border cont_none\"><span class=\"w-separator-h\"><\/span><\/div><div class=\"wpb_text_column \"><div class=\"wpb_wrapper\"><strong>7.\u00a0<\/strong><strong>TRANSFERENCIAS INTERNACIONALES DE DATOS. <\/strong><\/div> <\/div> <div class=\"w-separator type_invisible size_medium thick_1 style_solid color_border cont_none\"><span class=\"w-separator-h\"><\/span><\/div><div class=\"wpb_text_column \"><div class=\"wpb_wrapper\"><p>La organizaci\u00f3n no realiza Transferencia Internacional de Datos alguna.<\/p><\/div> <\/div> <div class=\"w-separator type_default size_medium thick_1 style_solid color_border cont_none\"><span class=\"w-separator-h\"><\/span><\/div><div class=\"wpb_text_column \"><div class=\"wpb_wrapper\"><strong>8. DERECHOS.<\/strong><\/div> <\/div> <div class=\"w-separator type_invisible size_medium thick_1 style_solid color_border cont_none\"><span class=\"w-separator-h\"><\/span><\/div><div class=\"wpb_text_column \"><div class=\"wpb_wrapper\"><p>Los interesados podr\u00e1n ejercer en cualquier momento y de forma totalmente gratuita los derechos de <strong>acceso, rectificaci\u00f3n y supresi\u00f3n, as\u00ed como solicitar que se limite el tratamiento de sus datos personales, oponerse al mismo, solicitar la portabilidad de estos (siempre que sea t\u00e9cnicamente posible) o retirar el consentimiento prestado<\/strong>, y en su caso, cuando proceda<strong>, a no ser objeto de una decisi\u00f3n basada \u00fanicamente en un tratamiento automatizado, incluido la elaboraci\u00f3n de perfiles.<\/strong><\/p>\n<p>Para ello podr\u00e1 emplear los formularios habilitados por la organizaci\u00f3n, o bien dirigir un escrito a la direcci\u00f3n postal o correo electr\u00f3nico arriba indicadas. En cualquier caso, su solicitud deber\u00e1 acompa\u00f1arse de una fotocopia de su D.N.I. o documento equivalente, con la finalidad de acreditar su identidad.<\/p>\n<p>En caso de que sienta vulnerados sus derechos en lo concerniente a la protecci\u00f3n de sus datos personales, especialmente cuando no haya obtenido satisfacci\u00f3n en el ejercicio de sus derechos, puede presentar una reclamaci\u00f3n ante la Autoridad de Control en materia de Protecci\u00f3n de Datos competente <strong>(Agencia Espa\u00f1ola de Protecci\u00f3n de Datos),<\/strong> a trav\u00e9s de su sitio web: <a href=\"http:\/\/www.agpd.es\">www.agpd.es<\/a>.<\/p>\n<p>En cumplimiento de lo dispuesto en el art\u00edculo 21 de la Ley 34\/2002 de servicios de la sociedad de la informaci\u00f3n y comercio electr\u00f3nico, si usted no desea recibir m\u00e1s informaci\u00f3n sobre nuestros servicios, puede darse de baja enviando un correo electr\u00f3nico a la direcci\u00f3n financiero@hormaja.com, con asunto\u00a0 <strong>\u201c<em>BAJAS\u201d.<\/em><\/strong><\/p><\/div> <\/div> <div class=\"w-separator type_default size_medium thick_1 style_solid color_border cont_none\"><span class=\"w-separator-h\"><\/span><\/div><div class=\"wpb_text_column \"><div class=\"wpb_wrapper\"><strong>9. VERACIDAD DE LOS DATOS.<\/strong><\/div> <\/div> <div class=\"w-separator type_invisible size_medium thick_1 style_solid color_border cont_none\"><span class=\"w-separator-h\"><\/span><\/div><div class=\"wpb_text_column \"><div class=\"wpb_wrapper\"><p>El interesado garantiza que los datos aportados son verdaderos, exactos, completos y se encuentran actualizados; comprometi\u00e9ndose a informar de cualquier cambio respecto de los datos que aportara, por los canales habilitados al efecto e indicados en el punto uno de la presente pol\u00edtica. Ser\u00e1 responsable de cualquier da\u00f1o o perjuicio, tanto directo como indirecto, que pudiera ocasionar como consecuencia del incumplimiento de la presente obligaci\u00f3n.<\/p>\n<p>En el supuesto de que el usuario facilite datos de terceros, declara que cuenta con el consentimiento de los interesados y se compromete a trasladarle la informaci\u00f3n contenida en esta cl\u00e1usula, eximiendo a la organizaci\u00f3n de cualquier responsabilidad derivada por la falta de cumplimiento de la presente obligaci\u00f3n.<\/p><\/div> <\/div> <div class=\"w-separator type_default size_medium thick_1 style_solid color_border cont_none\"><span class=\"w-separator-h\"><\/span><\/div><div class=\"wpb_text_column \"><div class=\"wpb_wrapper\"><p>\u00daltima revisi\u00f3n: 16\/01\/2020<\/p><\/div> <\/div> <\/div><\/div><\/div><\/div><\/div><\/section>\n","protected":false},"excerpt":{"rendered":"[vc_custom_heading text=\"Pol\u00edtica de Privacidad\" font_container=\"tag:h2|font_size:80|text_align:center|line_height:1.1\" google_fonts=\"font_family:Lato%3A100%2C100italic%2C300%2C300italic%2Cregular%2Citalic%2C700%2C700italic%2C900%2C900italic|font_style:700%20bold%20regular%3A700%3Anormal\"] El objetivo de esta\u00a0pol\u00edtica es informar a los interesados acerca de los distintos tratamientos realizados por esta organizaci\u00f3n mediante la p\u00e1gina web y que afecten a sus datos personales de conformidad con lo establecido...","protected":false},"author":2,"featured_media":0,"parent":0,"menu_order":0,"comment_status":"closed","ping_status":"closed","template":"","meta":{"footnotes":""},"class_list":["post-5525","page","type-page","status-publish","hentry"],"yoast_head":"<!-- This site is optimized with the Yoast SEO plugin v23.4 - https:\/\/yoast.com\/wordpress\/plugins\/seo\/ -->\n<title>Hormig\u00f3n Armado y Prensado industrial. Plantas de Hormig\u00f3n<\/title>\n<meta name=\"description\" content=\"Descubre nuestro amplio cat\u00e1logo de productos de hormig\u00f3n para obras en Hormaja.com. Fabricaci\u00f3n de hormigones de alta calidad en toda Comunidad de Madrid\" \/>\n<meta name=\"robots\" content=\"index, follow, max-snippet:-1, max-image-preview:large, max-video-preview:-1\" \/>\n<link rel=\"canonical\" href=\"https:\/\/www.hormaja.com\/wordpress\/politica-de-privacidad\/\" \/>\n<meta property=\"og:locale\" content=\"es_ES\" \/>\n<meta property=\"og:type\" content=\"article\" \/>\n<meta property=\"og:title\" content=\"Hormig\u00f3n Armado y Prensado industrial. Plantas de Hormig\u00f3n\" \/>\n<meta property=\"og:description\" content=\"Descubre nuestro amplio cat\u00e1logo de productos de hormig\u00f3n para obras en Hormaja.com. Fabricaci\u00f3n de hormigones de alta calidad en toda Comunidad de Madrid\" \/>\n<meta property=\"og:url\" content=\"https:\/\/www.hormaja.com\/wordpress\/politica-de-privacidad\/\" \/>\n<meta property=\"og:site_name\" content=\"hormaja.com\" \/>\n<meta property=\"article:modified_time\" content=\"2020-02-12T15:46:34+00:00\" \/>\n<meta name=\"twitter:card\" content=\"summary_large_image\" \/>\n<meta name=\"twitter:label1\" content=\"Tiempo de lectura\" \/>\n\t<meta name=\"twitter:data1\" content=\"7 minutos\" \/>\n<script type=\"application\/ld+json\" class=\"yoast-schema-graph\">{\"@context\":\"https:\/\/schema.org\",\"@graph\":[{\"@type\":\"WebPage\",\"@id\":\"https:\/\/www.hormaja.com\/wordpress\/politica-de-privacidad\/\",\"url\":\"https:\/\/www.hormaja.com\/wordpress\/politica-de-privacidad\/\",\"name\":\"Hormig\u00f3n Armado y Prensado industrial. Plantas de Hormig\u00f3n\",\"isPartOf\":{\"@id\":\"https:\/\/www.hormaja.com\/wordpress\/#website\"},\"datePublished\":\"2020-01-16T20:47:57+00:00\",\"dateModified\":\"2020-02-12T15:46:34+00:00\",\"description\":\"Descubre nuestro amplio cat\u00e1logo de productos de hormig\u00f3n para obras en Hormaja.com. Fabricaci\u00f3n de hormigones de alta calidad en toda Comunidad de Madrid\",\"breadcrumb\":{\"@id\":\"https:\/\/www.hormaja.com\/wordpress\/politica-de-privacidad\/#breadcrumb\"},\"inLanguage\":\"es\",\"potentialAction\":[{\"@type\":\"ReadAction\",\"target\":[\"https:\/\/www.hormaja.com\/wordpress\/politica-de-privacidad\/\"]}]},{\"@type\":\"BreadcrumbList\",\"@id\":\"https:\/\/www.hormaja.com\/wordpress\/politica-de-privacidad\/#breadcrumb\",\"itemListElement\":[{\"@type\":\"ListItem\",\"position\":1,\"name\":\"Portada\",\"item\":\"https:\/\/www.hormaja.com\/wordpress\/\"},{\"@type\":\"ListItem\",\"position\":2,\"name\":\"politica-de-privacidad\"}]},{\"@type\":\"WebSite\",\"@id\":\"https:\/\/www.hormaja.com\/wordpress\/#website\",\"url\":\"https:\/\/www.hormaja.com\/wordpress\/\",\"name\":\"hormaja.com\",\"description\":\"Hormigones y Cementos\",\"publisher\":{\"@id\":\"https:\/\/www.hormaja.com\/wordpress\/#organization\"},\"potentialAction\":[{\"@type\":\"SearchAction\",\"target\":{\"@type\":\"EntryPoint\",\"urlTemplate\":\"https:\/\/www.hormaja.com\/wordpress\/?s={search_term_string}\"},\"query-input\":{\"@type\":\"PropertyValueSpecification\",\"valueRequired\":true,\"valueName\":\"search_term_string\"}}],\"inLanguage\":\"es\"},{\"@type\":\"Organization\",\"@id\":\"https:\/\/www.hormaja.com\/wordpress\/#organization\",\"name\":\"Hormigones Majadahonda S.A.\",\"url\":\"https:\/\/www.hormaja.com\/wordpress\/\",\"logo\":{\"@type\":\"ImageObject\",\"inLanguage\":\"es\",\"@id\":\"https:\/\/www.hormaja.com\/wordpress\/#\/schema\/logo\/image\/\",\"url\":\"http:\/\/hormaja.com\/wordpress\/wp-content\/uploads\/2017\/09\/Logo-Hormaja-800v4.png\",\"contentUrl\":\"http:\/\/hormaja.com\/wordpress\/wp-content\/uploads\/2017\/09\/Logo-Hormaja-800v4.png\",\"width\":320,\"height\":173,\"caption\":\"Hormigones Majadahonda S.A.\"},\"image\":{\"@id\":\"https:\/\/www.hormaja.com\/wordpress\/#\/schema\/logo\/image\/\"}}]}<\/script>\n<!-- \/ Yoast SEO plugin. -->","yoast_head_json":{"title":"Hormig\u00f3n Armado y Prensado industrial. Plantas de Hormig\u00f3n","description":"Descubre nuestro amplio cat\u00e1logo de productos de hormig\u00f3n para obras en Hormaja.com. Fabricaci\u00f3n de hormigones de alta calidad en toda Comunidad de Madrid","robots":{"index":"index","follow":"follow","max-snippet":"max-snippet:-1","max-image-preview":"max-image-preview:large","max-video-preview":"max-video-preview:-1"},"canonical":"https:\/\/www.hormaja.com\/wordpress\/politica-de-privacidad\/","og_locale":"es_ES","og_type":"article","og_title":"Hormig\u00f3n Armado y Prensado industrial. Plantas de Hormig\u00f3n","og_description":"Descubre nuestro amplio cat\u00e1logo de productos de hormig\u00f3n para obras en Hormaja.com. Fabricaci\u00f3n de hormigones de alta calidad en toda Comunidad de Madrid","og_url":"https:\/\/www.hormaja.com\/wordpress\/politica-de-privacidad\/","og_site_name":"hormaja.com","article_modified_time":"2020-02-12T15:46:34+00:00","twitter_card":"summary_large_image","twitter_misc":{"Tiempo de lectura":"7 minutos"},"schema":{"@context":"https:\/\/schema.org","@graph":[{"@type":"WebPage","@id":"https:\/\/www.hormaja.com\/wordpress\/politica-de-privacidad\/","url":"https:\/\/www.hormaja.com\/wordpress\/politica-de-privacidad\/","name":"Hormig\u00f3n Armado y Prensado industrial. Plantas de Hormig\u00f3n","isPartOf":{"@id":"https:\/\/www.hormaja.com\/wordpress\/#website"},"datePublished":"2020-01-16T20:47:57+00:00","dateModified":"2020-02-12T15:46:34+00:00","description":"Descubre nuestro amplio cat\u00e1logo de productos de hormig\u00f3n para obras en Hormaja.com. Fabricaci\u00f3n de hormigones de alta calidad en toda Comunidad de Madrid","breadcrumb":{"@id":"https:\/\/www.hormaja.com\/wordpress\/politica-de-privacidad\/#breadcrumb"},"inLanguage":"es","potentialAction":[{"@type":"ReadAction","target":["https:\/\/www.hormaja.com\/wordpress\/politica-de-privacidad\/"]}]},{"@type":"BreadcrumbList","@id":"https:\/\/www.hormaja.com\/wordpress\/politica-de-privacidad\/#breadcrumb","itemListElement":[{"@type":"ListItem","position":1,"name":"Portada","item":"https:\/\/www.hormaja.com\/wordpress\/"},{"@type":"ListItem","position":2,"name":"politica-de-privacidad"}]},{"@type":"WebSite","@id":"https:\/\/www.hormaja.com\/wordpress\/#website","url":"https:\/\/www.hormaja.com\/wordpress\/","name":"hormaja.com","description":"Hormigones y Cementos","publisher":{"@id":"https:\/\/www.hormaja.com\/wordpress\/#organization"},"potentialAction":[{"@type":"SearchAction","target":{"@type":"EntryPoint","urlTemplate":"https:\/\/www.hormaja.com\/wordpress\/?s={search_term_string}"},"query-input":{"@type":"PropertyValueSpecification","valueRequired":true,"valueName":"search_term_string"}}],"inLanguage":"es"},{"@type":"Organization","@id":"https:\/\/www.hormaja.com\/wordpress\/#organization","name":"Hormigones Majadahonda S.A.","url":"https:\/\/www.hormaja.com\/wordpress\/","logo":{"@type":"ImageObject","inLanguage":"es","@id":"https:\/\/www.hormaja.com\/wordpress\/#\/schema\/logo\/image\/","url":"http:\/\/hormaja.com\/wordpress\/wp-content\/uploads\/2017\/09\/Logo-Hormaja-800v4.png","contentUrl":"http:\/\/hormaja.com\/wordpress\/wp-content\/uploads\/2017\/09\/Logo-Hormaja-800v4.png","width":320,"height":173,"caption":"Hormigones Majadahonda S.A."},"image":{"@id":"https:\/\/www.hormaja.com\/wordpress\/#\/schema\/logo\/image\/"}}]}},"_links":{"self":[{"href":"https:\/\/www.hormaja.com\/wordpress\/wp-json\/wp\/v2\/pages\/5525"}],"collection":[{"href":"https:\/\/www.hormaja.com\/wordpress\/wp-json\/wp\/v2\/pages"}],"about":[{"href":"https:\/\/www.hormaja.com\/wordpress\/wp-json\/wp\/v2\/types\/page"}],"author":[{"embeddable":true,"href":"https:\/\/www.hormaja.com\/wordpress\/wp-json\/wp\/v2\/users\/2"}],"replies":[{"embeddable":true,"href":"https:\/\/www.hormaja.com\/wordpress\/wp-json\/wp\/v2\/comments?post=5525"}],"version-history":[{"count":27,"href":"https:\/\/www.hormaja.com\/wordpress\/wp-json\/wp\/v2\/pages\/5525\/revisions"}],"predecessor-version":[{"id":5617,"href":"https:\/\/www.hormaja.com\/wordpress\/wp-json\/wp\/v2\/pages\/5525\/revisions\/5617"}],"wp:attachment":[{"href":"https:\/\/www.hormaja.com\/wordpress\/wp-json\/wp\/v2\/media?parent=5525"}],"curies":[{"name":"wp","href":"https:\/\/api.w.org\/{rel}","templated":true}]}}